{"id":77387,"date":"2025-01-19T15:31:40","date_gmt":"2025-01-19T21:31:40","guid":{"rendered":"https:\/\/amgpromocionales.com.mx\/?post_type=product&#038;p=77387"},"modified":"2025-01-21T00:05:58","modified_gmt":"2025-01-21T06:05:58","slug":"lapicera-de-rpet-bizanet","status":"publish","type":"product","link":"https:\/\/amgpromocionales.mx\/en\/shop\/lapicera-de-rpet-bizanet\/","title":{"rendered":"Lapicera de RPET Bizanet."},"content":{"rendered":"<p>Lapicera fabricada en fieltro de poli\u00e9ster reciclado (RPET) , de tama\u00f1o compacto lo que la hace bastante \u00fatil y f\u00e1cil de transportar, con cierre. Esta lapicera es una opci\u00f3n agradable para el medio ambiete.El RPET es un material resistente y duradero que puede soportar el uso diario y el desgaste, lo que lo hace ideal para productos textiles. Adem\u00e1s es sostenible porque utilizan materiales reciclados en su fabricaci\u00f3n, lo que reduce la cantidad de residuos y disminuye el impacto ambiental.<\/p>","protected":false},"excerpt":{"rendered":"<p>Lapicera fabricada en fieltro de poli\u00e9ster reciclado (RPET) , de tama\u00f1o compacto lo que la hace bastante \u00fatil y f\u00e1cil de transportar, con cierre. Esta lapicera es una opci\u00f3n agradable para el medio ambiete.El RPET es un material resistente y duradero que puede soportar el uso diario y el desgaste, lo que lo hace ideal [&hellip;]<\/p>","protected":false},"featured_media":68934,"comment_status":"closed","ping_status":"closed","template":"","meta":[],"genre":[],"product_cat":[284,396],"product_tag":[],"class_list":{"0":"post-77387","1":"product","2":"type-product","3":"status-publish","4":"has-post-thumbnail","6":"product_cat-escolares","7":"product_cat-ver-todo-oficina","9":"first","10":"instock","11":"shipping-taxable","12":"purchasable","13":"product-type-variable"},"_links":{"self":[{"href":"https:\/\/amgpromocionales.mx\/en\/wp-json\/wp\/v2\/product\/77387","targetHints":{"allow":["GET"]}}],"collection":[{"href":"https:\/\/amgpromocionales.mx\/en\/wp-json\/wp\/v2\/product"}],"about":[{"href":"https:\/\/amgpromocionales.mx\/en\/wp-json\/wp\/v2\/types\/product"}],"replies":[{"embeddable":true,"href":"https:\/\/amgpromocionales.mx\/en\/wp-json\/wp\/v2\/comments?post=77387"}],"wp:featuredmedia":[{"embeddable":true,"href":"https:\/\/amgpromocionales.mx\/en\/wp-json\/wp\/v2\/media\/68934"}],"wp:attachment":[{"href":"https:\/\/amgpromocionales.mx\/en\/wp-json\/wp\/v2\/media?parent=77387"}],"wp:term":[{"taxonomy":"product_brand","embeddable":true,"href":"https:\/\/amgpromocionales.mx\/en\/wp-json\/wp\/v2\/genre?post=77387"},{"taxonomy":"product_cat","embeddable":true,"href":"https:\/\/amgpromocionales.mx\/en\/wp-json\/wp\/v2\/product_cat?post=77387"},{"taxonomy":"product_tag","embeddable":true,"href":"https:\/\/amgpromocionales.mx\/en\/wp-json\/wp\/v2\/product_tag?post=77387"}],"curies":[{"name":"wp","href":"https:\/\/api.w.org\/{rel}","templated":true}]}}