{"id":76945,"date":"2025-01-19T15:23:04","date_gmt":"2025-01-19T21:23:04","guid":{"rendered":"https:\/\/amgpromocionales.com.mx\/shop\/cargador-fogliano\/"},"modified":"2025-01-21T00:23:52","modified_gmt":"2025-01-21T06:23:52","slug":"cargador-fogliano","status":"publish","type":"product","link":"https:\/\/amgpromocionales.mx\/en\/shop\/cargador-fogliano\/","title":{"rendered":"Cargador Fogliano."},"content":{"rendered":"<p>Cargador inal\u00e1mbrico fabricado en ABS y pl\u00e1stico de policarbonato (PC), compatible con celular, reloj, y aud\u00edfonos. Potencia de carga de 5w\/7,5w\/10w\/15w para celular, 2,5w para reloj inteligente y 3W para aud\u00edfonos inal\u00e1mbricos. Incluye manija y funci\u00f3n de luz nocturna.<\/p>","protected":false},"excerpt":{"rendered":"<p>Cargador inal\u00e1mbrico fabricado en ABS y pl\u00e1stico de policarbonato (PC), compatible con celular, reloj, y aud\u00edfonos. Potencia de carga de 5w\/7,5w\/10w\/15w para celular, 2,5w para reloj inteligente y 3W para aud\u00edfonos inal\u00e1mbricos. Incluye manija y funci\u00f3n de luz nocturna.<\/p>","protected":false},"featured_media":68590,"comment_status":"closed","ping_status":"closed","template":"","meta":[],"genre":[],"product_cat":[322,398],"product_tag":[],"class_list":{"0":"post-76945","1":"product","2":"type-product","3":"status-publish","4":"has-post-thumbnail","6":"product_cat-cargadores-y-accesorios","7":"product_cat-ver-todo-tecnologia","9":"first","10":"instock","11":"shipping-taxable","12":"purchasable","13":"product-type-simple"},"_links":{"self":[{"href":"https:\/\/amgpromocionales.mx\/en\/wp-json\/wp\/v2\/product\/76945","targetHints":{"allow":["GET"]}}],"collection":[{"href":"https:\/\/amgpromocionales.mx\/en\/wp-json\/wp\/v2\/product"}],"about":[{"href":"https:\/\/amgpromocionales.mx\/en\/wp-json\/wp\/v2\/types\/product"}],"replies":[{"embeddable":true,"href":"https:\/\/amgpromocionales.mx\/en\/wp-json\/wp\/v2\/comments?post=76945"}],"wp:featuredmedia":[{"embeddable":true,"href":"https:\/\/amgpromocionales.mx\/en\/wp-json\/wp\/v2\/media\/68590"}],"wp:attachment":[{"href":"https:\/\/amgpromocionales.mx\/en\/wp-json\/wp\/v2\/media?parent=76945"}],"wp:term":[{"taxonomy":"product_brand","embeddable":true,"href":"https:\/\/amgpromocionales.mx\/en\/wp-json\/wp\/v2\/genre?post=76945"},{"taxonomy":"product_cat","embeddable":true,"href":"https:\/\/amgpromocionales.mx\/en\/wp-json\/wp\/v2\/product_cat?post=76945"},{"taxonomy":"product_tag","embeddable":true,"href":"https:\/\/amgpromocionales.mx\/en\/wp-json\/wp\/v2\/product_tag?post=76945"}],"curies":[{"name":"wp","href":"https:\/\/api.w.org\/{rel}","templated":true}]}}