{"id":76943,"date":"2025-01-19T15:23:02","date_gmt":"2025-01-19T21:23:02","guid":{"rendered":"https:\/\/amgpromocionales.com.mx\/shop\/cargador-faiti\/"},"modified":"2025-01-21T00:23:53","modified_gmt":"2025-01-21T06:23:53","slug":"cargador-faiti","status":"publish","type":"product","link":"https:\/\/amgpromocionales.mx\/en\/shop\/cargador-faiti\/","title":{"rendered":"Cargador Faiti."},"content":{"rendered":"<p>Cargador inal\u00e1mbrico multifunci\u00f3n con potencia de hasta 15W. Incluye funci\u00f3n de reloj y despetador. Adem\u00e1s cuenta con l\u00e1mpara LED. Producto innovador con dise\u00f1o elegante. Compatible con dispositivos con tecnolog\u00eda Qi.<\/p>","protected":false},"excerpt":{"rendered":"<p>Cargador inal\u00e1mbrico multifunci\u00f3n con potencia de hasta 15W. Incluye funci\u00f3n de reloj y despetador. Adem\u00e1s cuenta con l\u00e1mpara LED. Producto innovador con dise\u00f1o elegante. Compatible con dispositivos con tecnolog\u00eda Qi.<\/p>","protected":false},"featured_media":68594,"comment_status":"closed","ping_status":"closed","template":"","meta":[],"genre":[],"product_cat":[322,398],"product_tag":[],"class_list":{"0":"post-76943","1":"product","2":"type-product","3":"status-publish","4":"has-post-thumbnail","6":"product_cat-cargadores-y-accesorios","7":"product_cat-ver-todo-tecnologia","9":"first","10":"instock","11":"shipping-taxable","12":"purchasable","13":"product-type-simple"},"_links":{"self":[{"href":"https:\/\/amgpromocionales.mx\/en\/wp-json\/wp\/v2\/product\/76943","targetHints":{"allow":["GET"]}}],"collection":[{"href":"https:\/\/amgpromocionales.mx\/en\/wp-json\/wp\/v2\/product"}],"about":[{"href":"https:\/\/amgpromocionales.mx\/en\/wp-json\/wp\/v2\/types\/product"}],"replies":[{"embeddable":true,"href":"https:\/\/amgpromocionales.mx\/en\/wp-json\/wp\/v2\/comments?post=76943"}],"wp:featuredmedia":[{"embeddable":true,"href":"https:\/\/amgpromocionales.mx\/en\/wp-json\/wp\/v2\/media\/68594"}],"wp:attachment":[{"href":"https:\/\/amgpromocionales.mx\/en\/wp-json\/wp\/v2\/media?parent=76943"}],"wp:term":[{"taxonomy":"product_brand","embeddable":true,"href":"https:\/\/amgpromocionales.mx\/en\/wp-json\/wp\/v2\/genre?post=76943"},{"taxonomy":"product_cat","embeddable":true,"href":"https:\/\/amgpromocionales.mx\/en\/wp-json\/wp\/v2\/product_cat?post=76943"},{"taxonomy":"product_tag","embeddable":true,"href":"https:\/\/amgpromocionales.mx\/en\/wp-json\/wp\/v2\/product_tag?post=76943"}],"curies":[{"name":"wp","href":"https:\/\/api.w.org\/{rel}","templated":true}]}}