{"id":76940,"date":"2025-01-19T15:23:01","date_gmt":"2025-01-19T21:23:01","guid":{"rendered":"https:\/\/amgpromocionales.com.mx\/shop\/cargador-volsci\/"},"modified":"2025-01-21T00:23:54","modified_gmt":"2025-01-21T06:23:54","slug":"cargador-volsci","status":"publish","type":"product","link":"https:\/\/amgpromocionales.mx\/en\/shop\/cargador-volsci\/","title":{"rendered":"Cargador Volsci."},"content":{"rendered":"<p>Cargador, carga inal\u00e1mbrica 3 en 1 plegable de pantalla grande: compatible con tel\u00e9fonos de todos los tama\u00f1os.<\/p>","protected":false},"excerpt":{"rendered":"<p>Cargador, carga inal\u00e1mbrica 3 en 1 plegable de pantalla grande: compatible con tel\u00e9fonos de todos los tama\u00f1os.<\/p>","protected":false},"featured_media":68598,"comment_status":"closed","ping_status":"closed","template":"","meta":[],"genre":[],"product_cat":[322,398],"product_tag":[],"class_list":{"0":"post-76940","1":"product","2":"type-product","3":"status-publish","4":"has-post-thumbnail","6":"product_cat-cargadores-y-accesorios","7":"product_cat-ver-todo-tecnologia","9":"first","10":"instock","11":"shipping-taxable","12":"purchasable","13":"product-type-simple"},"_links":{"self":[{"href":"https:\/\/amgpromocionales.mx\/en\/wp-json\/wp\/v2\/product\/76940","targetHints":{"allow":["GET"]}}],"collection":[{"href":"https:\/\/amgpromocionales.mx\/en\/wp-json\/wp\/v2\/product"}],"about":[{"href":"https:\/\/amgpromocionales.mx\/en\/wp-json\/wp\/v2\/types\/product"}],"replies":[{"embeddable":true,"href":"https:\/\/amgpromocionales.mx\/en\/wp-json\/wp\/v2\/comments?post=76940"}],"wp:featuredmedia":[{"embeddable":true,"href":"https:\/\/amgpromocionales.mx\/en\/wp-json\/wp\/v2\/media\/68598"}],"wp:attachment":[{"href":"https:\/\/amgpromocionales.mx\/en\/wp-json\/wp\/v2\/media?parent=76940"}],"wp:term":[{"taxonomy":"product_brand","embeddable":true,"href":"https:\/\/amgpromocionales.mx\/en\/wp-json\/wp\/v2\/genre?post=76940"},{"taxonomy":"product_cat","embeddable":true,"href":"https:\/\/amgpromocionales.mx\/en\/wp-json\/wp\/v2\/product_cat?post=76940"},{"taxonomy":"product_tag","embeddable":true,"href":"https:\/\/amgpromocionales.mx\/en\/wp-json\/wp\/v2\/product_tag?post=76940"}],"curies":[{"name":"wp","href":"https:\/\/api.w.org\/{rel}","templated":true}]}}