{"id":76939,"date":"2025-01-19T15:23:00","date_gmt":"2025-01-19T21:23:00","guid":{"rendered":"https:\/\/amgpromocionales.com.mx\/shop\/cargador-pratelle\/"},"modified":"2025-01-21T00:23:55","modified_gmt":"2025-01-21T06:23:55","slug":"cargador-pratelle","status":"publish","type":"product","link":"https:\/\/amgpromocionales.mx\/en\/shop\/cargador-pratelle\/","title":{"rendered":"Cargador Pratelle."},"content":{"rendered":"<p>Cargador inal\u00e1mbrico plegable 3 en 1, con dise\u00f1o plegable que le permite llevarlo a todos lados. Necesita conectarse a corriente el\u00e9ctrica para funcionar.<\/p>","protected":false},"excerpt":{"rendered":"<p>Cargador inal\u00e1mbrico plegable 3 en 1, con dise\u00f1o plegable que le permite llevarlo a todos lados. Necesita conectarse a corriente el\u00e9ctrica para funcionar.<\/p>","protected":false},"featured_media":68596,"comment_status":"closed","ping_status":"closed","template":"","meta":[],"genre":[],"product_cat":[322,398],"product_tag":[],"class_list":{"0":"post-76939","1":"product","2":"type-product","3":"status-publish","4":"has-post-thumbnail","6":"product_cat-cargadores-y-accesorios","7":"product_cat-ver-todo-tecnologia","9":"first","10":"instock","11":"shipping-taxable","12":"purchasable","13":"product-type-simple"},"_links":{"self":[{"href":"https:\/\/amgpromocionales.mx\/en\/wp-json\/wp\/v2\/product\/76939","targetHints":{"allow":["GET"]}}],"collection":[{"href":"https:\/\/amgpromocionales.mx\/en\/wp-json\/wp\/v2\/product"}],"about":[{"href":"https:\/\/amgpromocionales.mx\/en\/wp-json\/wp\/v2\/types\/product"}],"replies":[{"embeddable":true,"href":"https:\/\/amgpromocionales.mx\/en\/wp-json\/wp\/v2\/comments?post=76939"}],"wp:featuredmedia":[{"embeddable":true,"href":"https:\/\/amgpromocionales.mx\/en\/wp-json\/wp\/v2\/media\/68596"}],"wp:attachment":[{"href":"https:\/\/amgpromocionales.mx\/en\/wp-json\/wp\/v2\/media?parent=76939"}],"wp:term":[{"taxonomy":"product_brand","embeddable":true,"href":"https:\/\/amgpromocionales.mx\/en\/wp-json\/wp\/v2\/genre?post=76939"},{"taxonomy":"product_cat","embeddable":true,"href":"https:\/\/amgpromocionales.mx\/en\/wp-json\/wp\/v2\/product_cat?post=76939"},{"taxonomy":"product_tag","embeddable":true,"href":"https:\/\/amgpromocionales.mx\/en\/wp-json\/wp\/v2\/product_tag?post=76939"}],"curies":[{"name":"wp","href":"https:\/\/api.w.org\/{rel}","templated":true}]}}