{"id":76931,"date":"2025-01-19T15:22:54","date_gmt":"2025-01-19T21:22:54","guid":{"rendered":"https:\/\/amgpromocionales.com.mx\/shop\/reloj-cossira\/"},"modified":"2025-01-20T23:59:45","modified_gmt":"2025-01-21T05:59:45","slug":"reloj-cossira","status":"publish","type":"product","link":"https:\/\/amgpromocionales.mx\/en\/shop\/reloj-cossira\/","title":{"rendered":"Reloj Cossira."},"content":{"rendered":"<p>Reloj con cargador inal\u00e1mbrico. Cuenta con funciones de bocina con conexi\u00f3n de sonido sin cables, luz nocturna, potencia de carga de hasta 15W. Dise\u00f1o ergon\u00f3mico. Compatible con dispositivos con tecnolog\u00eda Qi. Indicador de carga. Tambi\u00e9n puede usarse como alarma. Incluye reproductor de ruido blanco para propiciar un mejor descanso.<\/p>","protected":false},"excerpt":{"rendered":"<p>Reloj con cargador inal\u00e1mbrico. Cuenta con funciones de bocina con conexi\u00f3n de sonido sin cables, luz nocturna, potencia de carga de hasta 15W. Dise\u00f1o ergon\u00f3mico. Compatible con dispositivos con tecnolog\u00eda Qi. Indicador de carga. Tambi\u00e9n puede usarse como alarma. Incluye reproductor de ruido blanco para propiciar un mejor descanso.<\/p>","protected":false},"featured_media":68601,"comment_status":"closed","ping_status":"closed","template":"","meta":[],"genre":[],"product_cat":[299,396],"product_tag":[],"class_list":{"0":"post-76931","1":"product","2":"type-product","3":"status-publish","4":"has-post-thumbnail","6":"product_cat-accesorios-de-oficina","7":"product_cat-ver-todo-oficina","9":"first","10":"instock","11":"shipping-taxable","12":"purchasable","13":"product-type-simple"},"_links":{"self":[{"href":"https:\/\/amgpromocionales.mx\/en\/wp-json\/wp\/v2\/product\/76931","targetHints":{"allow":["GET"]}}],"collection":[{"href":"https:\/\/amgpromocionales.mx\/en\/wp-json\/wp\/v2\/product"}],"about":[{"href":"https:\/\/amgpromocionales.mx\/en\/wp-json\/wp\/v2\/types\/product"}],"replies":[{"embeddable":true,"href":"https:\/\/amgpromocionales.mx\/en\/wp-json\/wp\/v2\/comments?post=76931"}],"wp:featuredmedia":[{"embeddable":true,"href":"https:\/\/amgpromocionales.mx\/en\/wp-json\/wp\/v2\/media\/68601"}],"wp:attachment":[{"href":"https:\/\/amgpromocionales.mx\/en\/wp-json\/wp\/v2\/media?parent=76931"}],"wp:term":[{"taxonomy":"product_brand","embeddable":true,"href":"https:\/\/amgpromocionales.mx\/en\/wp-json\/wp\/v2\/genre?post=76931"},{"taxonomy":"product_cat","embeddable":true,"href":"https:\/\/amgpromocionales.mx\/en\/wp-json\/wp\/v2\/product_cat?post=76931"},{"taxonomy":"product_tag","embeddable":true,"href":"https:\/\/amgpromocionales.mx\/en\/wp-json\/wp\/v2\/product_tag?post=76931"}],"curies":[{"name":"wp","href":"https:\/\/api.w.org\/{rel}","templated":true}]}}