{"id":76920,"date":"2025-01-19T15:22:43","date_gmt":"2025-01-19T21:22:43","guid":{"rendered":"https:\/\/amgpromocionales.com.mx\/shop\/audifonos-harju\/"},"modified":"2025-01-21T00:19:44","modified_gmt":"2025-01-21T06:19:44","slug":"audifonos-harju","status":"publish","type":"product","link":"https:\/\/amgpromocionales.mx\/en\/shop\/audifonos-harju\/","title":{"rendered":"Aud\u00edfonos Harju."},"content":{"rendered":"<p>Aud\u00edfonos con\u00a0conexi\u00f3n de sonido sin cables,\u00a0con dise\u00f1o de diadema, con una distancia de transmisi\u00f3n de 9.9 m. Tiempo de reproducci\u00f3n de hasta 20 horas. Puerto de carga tipo-C, con funci\u00f3n de radio FM.<\/p>","protected":false},"excerpt":{"rendered":"<p>Aud\u00edfonos con\u00a0conexi\u00f3n de sonido sin cables,\u00a0con dise\u00f1o de diadema, con una distancia de transmisi\u00f3n de 9.9 m. Tiempo de reproducci\u00f3n de hasta 20 horas. Puerto de carga tipo-C, con funci\u00f3n de radio FM.<\/p>","protected":false},"featured_media":68713,"comment_status":"closed","ping_status":"closed","template":"","meta":[],"genre":[],"product_cat":[320,398],"product_tag":[],"class_list":{"0":"post-76920","1":"product","2":"type-product","3":"status-publish","4":"has-post-thumbnail","6":"product_cat-audifonos","7":"product_cat-ver-todo-tecnologia","9":"first","10":"instock","11":"shipping-taxable","12":"purchasable","13":"product-type-simple"},"_links":{"self":[{"href":"https:\/\/amgpromocionales.mx\/en\/wp-json\/wp\/v2\/product\/76920","targetHints":{"allow":["GET"]}}],"collection":[{"href":"https:\/\/amgpromocionales.mx\/en\/wp-json\/wp\/v2\/product"}],"about":[{"href":"https:\/\/amgpromocionales.mx\/en\/wp-json\/wp\/v2\/types\/product"}],"replies":[{"embeddable":true,"href":"https:\/\/amgpromocionales.mx\/en\/wp-json\/wp\/v2\/comments?post=76920"}],"wp:featuredmedia":[{"embeddable":true,"href":"https:\/\/amgpromocionales.mx\/en\/wp-json\/wp\/v2\/media\/68713"}],"wp:attachment":[{"href":"https:\/\/amgpromocionales.mx\/en\/wp-json\/wp\/v2\/media?parent=76920"}],"wp:term":[{"taxonomy":"product_brand","embeddable":true,"href":"https:\/\/amgpromocionales.mx\/en\/wp-json\/wp\/v2\/genre?post=76920"},{"taxonomy":"product_cat","embeddable":true,"href":"https:\/\/amgpromocionales.mx\/en\/wp-json\/wp\/v2\/product_cat?post=76920"},{"taxonomy":"product_tag","embeddable":true,"href":"https:\/\/amgpromocionales.mx\/en\/wp-json\/wp\/v2\/product_tag?post=76920"}],"curies":[{"name":"wp","href":"https:\/\/api.w.org\/{rel}","templated":true}]}}