{"id":76910,"date":"2025-01-19T15:22:30","date_gmt":"2025-01-19T21:22:30","guid":{"rendered":"https:\/\/amgpromocionales.com.mx\/shop\/audifonos-cannai\/"},"modified":"2025-01-21T00:19:45","modified_gmt":"2025-01-21T06:19:45","slug":"audifonos-cannai","status":"publish","type":"product","link":"https:\/\/amgpromocionales.mx\/en\/shop\/audifonos-cannai\/","title":{"rendered":"Aud\u00edfonos Cannai."},"content":{"rendered":"<p>Aud\u00edfonos con\u00a0conexi\u00f3n de sonido sin cables, sonido\u00a0est\u00e9reo,\u00a0fabricados en pl\u00e1stico, con estuche de carga.\u00a0conexi\u00f3n inal\u00e1mbrica\u00a0V5.3, distancia de transmisi\u00f3n \u00f3ptima de hasta 9.9 m. Duraci\u00f3n de 4 horas de reproducci\u00f3n. Interfaz de carga tipo USB-C.<\/p>","protected":false},"excerpt":{"rendered":"<p>Aud\u00edfonos con\u00a0conexi\u00f3n de sonido sin cables, sonido\u00a0est\u00e9reo,\u00a0fabricados en pl\u00e1stico, con estuche de carga.\u00a0conexi\u00f3n inal\u00e1mbrica\u00a0V5.3, distancia de transmisi\u00f3n \u00f3ptima de hasta 9.9 m. Duraci\u00f3n de 4 horas de reproducci\u00f3n. Interfaz de carga tipo USB-C.<\/p>","protected":false},"featured_media":68754,"comment_status":"closed","ping_status":"closed","template":"","meta":[],"genre":[],"product_cat":[320,398],"product_tag":[],"class_list":{"0":"post-76910","1":"product","2":"type-product","3":"status-publish","4":"has-post-thumbnail","6":"product_cat-audifonos","7":"product_cat-ver-todo-tecnologia","9":"first","10":"instock","11":"shipping-taxable","12":"purchasable","13":"product-type-simple"},"_links":{"self":[{"href":"https:\/\/amgpromocionales.mx\/en\/wp-json\/wp\/v2\/product\/76910","targetHints":{"allow":["GET"]}}],"collection":[{"href":"https:\/\/amgpromocionales.mx\/en\/wp-json\/wp\/v2\/product"}],"about":[{"href":"https:\/\/amgpromocionales.mx\/en\/wp-json\/wp\/v2\/types\/product"}],"replies":[{"embeddable":true,"href":"https:\/\/amgpromocionales.mx\/en\/wp-json\/wp\/v2\/comments?post=76910"}],"wp:featuredmedia":[{"embeddable":true,"href":"https:\/\/amgpromocionales.mx\/en\/wp-json\/wp\/v2\/media\/68754"}],"wp:attachment":[{"href":"https:\/\/amgpromocionales.mx\/en\/wp-json\/wp\/v2\/media?parent=76910"}],"wp:term":[{"taxonomy":"product_brand","embeddable":true,"href":"https:\/\/amgpromocionales.mx\/en\/wp-json\/wp\/v2\/genre?post=76910"},{"taxonomy":"product_cat","embeddable":true,"href":"https:\/\/amgpromocionales.mx\/en\/wp-json\/wp\/v2\/product_cat?post=76910"},{"taxonomy":"product_tag","embeddable":true,"href":"https:\/\/amgpromocionales.mx\/en\/wp-json\/wp\/v2\/product_tag?post=76910"}],"curies":[{"name":"wp","href":"https:\/\/api.w.org\/{rel}","templated":true}]}}