{"id":76908,"date":"2025-01-19T15:22:28","date_gmt":"2025-01-19T21:22:28","guid":{"rendered":"https:\/\/amgpromocionales.com.mx\/shop\/bocina-seruci\/"},"modified":"2025-01-21T00:20:57","modified_gmt":"2025-01-21T06:20:57","slug":"bocina-seruci","status":"publish","type":"product","link":"https:\/\/amgpromocionales.mx\/en\/shop\/bocina-seruci\/","title":{"rendered":"Bocina Seruci."},"content":{"rendered":"<p>Bocina con\u00a0conexi\u00f3n de sonido sin cables,\u00a0con funciones de reloj, alarma, luz nocturna y ruido blanco. Dise\u00f1o especial para casos de insomnio, cuenta con sonidos de descanso terap\u00e9utico predeterminados. Potencia de 3W y bater\u00eda integrada de iones de litio.<\/p>","protected":false},"excerpt":{"rendered":"<p>Bocina con\u00a0conexi\u00f3n de sonido sin cables,\u00a0con funciones de reloj, alarma, luz nocturna y ruido blanco. Dise\u00f1o especial para casos de insomnio, cuenta con sonidos de descanso terap\u00e9utico predeterminados. Potencia de 3W y bater\u00eda integrada de iones de litio.<\/p>","protected":false},"featured_media":68737,"comment_status":"closed","ping_status":"closed","template":"","meta":[],"genre":[],"product_cat":[319,398],"product_tag":[],"class_list":{"0":"post-76908","1":"product","2":"type-product","3":"status-publish","4":"has-post-thumbnail","6":"product_cat-bocinas","7":"product_cat-ver-todo-tecnologia","9":"first","10":"instock","11":"shipping-taxable","12":"purchasable","13":"product-type-simple"},"_links":{"self":[{"href":"https:\/\/amgpromocionales.mx\/en\/wp-json\/wp\/v2\/product\/76908","targetHints":{"allow":["GET"]}}],"collection":[{"href":"https:\/\/amgpromocionales.mx\/en\/wp-json\/wp\/v2\/product"}],"about":[{"href":"https:\/\/amgpromocionales.mx\/en\/wp-json\/wp\/v2\/types\/product"}],"replies":[{"embeddable":true,"href":"https:\/\/amgpromocionales.mx\/en\/wp-json\/wp\/v2\/comments?post=76908"}],"wp:featuredmedia":[{"embeddable":true,"href":"https:\/\/amgpromocionales.mx\/en\/wp-json\/wp\/v2\/media\/68737"}],"wp:attachment":[{"href":"https:\/\/amgpromocionales.mx\/en\/wp-json\/wp\/v2\/media?parent=76908"}],"wp:term":[{"taxonomy":"product_brand","embeddable":true,"href":"https:\/\/amgpromocionales.mx\/en\/wp-json\/wp\/v2\/genre?post=76908"},{"taxonomy":"product_cat","embeddable":true,"href":"https:\/\/amgpromocionales.mx\/en\/wp-json\/wp\/v2\/product_cat?post=76908"},{"taxonomy":"product_tag","embeddable":true,"href":"https:\/\/amgpromocionales.mx\/en\/wp-json\/wp\/v2\/product_tag?post=76908"}],"curies":[{"name":"wp","href":"https:\/\/api.w.org\/{rel}","templated":true}]}}