{"id":76905,"date":"2025-01-19T15:22:24","date_gmt":"2025-01-19T21:22:24","guid":{"rendered":"https:\/\/amgpromocionales.com.mx\/shop\/cargador-bagnu\/"},"modified":"2025-01-21T00:24:02","modified_gmt":"2025-01-21T06:24:02","slug":"cargador-bagnu","status":"publish","type":"product","link":"https:\/\/amgpromocionales.mx\/en\/shop\/cargador-bagnu\/","title":{"rendered":"Cargador Bagnu."},"content":{"rendered":"<p>Cargador inal\u00e1mbrico de 15W con l\u00e1mpara t\u00e1ctil de colores. Este producto tiene un dise\u00f1o est\u00e9tico, creativo y simple. Puede ser usado en el hogar o en la oficina. Este cargador es compatible con cualquier tel\u00e9fono m\u00f3vil con tecnolog\u00eda Qi. Tambi\u00e9n soporta procesos de carga inal\u00e1mbrica r\u00e1pida a 5W, 7.5W, 10W.<\/p>","protected":false},"excerpt":{"rendered":"<p>Cargador inal\u00e1mbrico de 15W con l\u00e1mpara t\u00e1ctil de colores. Este producto tiene un dise\u00f1o est\u00e9tico, creativo y simple. Puede ser usado en el hogar o en la oficina. Este cargador es compatible con cualquier tel\u00e9fono m\u00f3vil con tecnolog\u00eda Qi. Tambi\u00e9n soporta procesos de carga inal\u00e1mbrica r\u00e1pida a 5W, 7.5W, 10W.<\/p>","protected":false},"featured_media":68755,"comment_status":"closed","ping_status":"closed","template":"","meta":[],"genre":[],"product_cat":[322,398],"product_tag":[],"class_list":{"0":"post-76905","1":"product","2":"type-product","3":"status-publish","4":"has-post-thumbnail","6":"product_cat-cargadores-y-accesorios","7":"product_cat-ver-todo-tecnologia","9":"first","10":"instock","11":"shipping-taxable","12":"purchasable","13":"product-type-simple"},"_links":{"self":[{"href":"https:\/\/amgpromocionales.mx\/en\/wp-json\/wp\/v2\/product\/76905","targetHints":{"allow":["GET"]}}],"collection":[{"href":"https:\/\/amgpromocionales.mx\/en\/wp-json\/wp\/v2\/product"}],"about":[{"href":"https:\/\/amgpromocionales.mx\/en\/wp-json\/wp\/v2\/types\/product"}],"replies":[{"embeddable":true,"href":"https:\/\/amgpromocionales.mx\/en\/wp-json\/wp\/v2\/comments?post=76905"}],"wp:featuredmedia":[{"embeddable":true,"href":"https:\/\/amgpromocionales.mx\/en\/wp-json\/wp\/v2\/media\/68755"}],"wp:attachment":[{"href":"https:\/\/amgpromocionales.mx\/en\/wp-json\/wp\/v2\/media?parent=76905"}],"wp:term":[{"taxonomy":"product_brand","embeddable":true,"href":"https:\/\/amgpromocionales.mx\/en\/wp-json\/wp\/v2\/genre?post=76905"},{"taxonomy":"product_cat","embeddable":true,"href":"https:\/\/amgpromocionales.mx\/en\/wp-json\/wp\/v2\/product_cat?post=76905"},{"taxonomy":"product_tag","embeddable":true,"href":"https:\/\/amgpromocionales.mx\/en\/wp-json\/wp\/v2\/product_tag?post=76905"}],"curies":[{"name":"wp","href":"https:\/\/api.w.org\/{rel}","templated":true}]}}