{"id":76904,"date":"2025-01-19T15:22:23","date_gmt":"2025-01-19T21:22:23","guid":{"rendered":"https:\/\/amgpromocionales.com.mx\/shop\/cargador-arresi\/"},"modified":"2025-01-20T23:59:45","modified_gmt":"2025-01-21T05:59:45","slug":"cargador-arresi","status":"publish","type":"product","link":"https:\/\/amgpromocionales.mx\/en\/shop\/cargador-arresi\/","title":{"rendered":"Cargador Arresi."},"content":{"rendered":"<p>Cargador inal\u00e1mbrico con reloj con cubierta de tela y luz nocturna t\u00e1ctil ajustable de 3 niveles de 15 w,\u00a0(la luz nocturna est\u00e1 en la base). Este producto tiene un dise\u00f1o creativo y ergon\u00f3mico. Puede ser usado en el hogar y en el trabajo.\u00a0Este producto es compatible cualquier dispositivo m\u00f3vil con tecnolog\u00eda Qi, que soporte cargas de 5W-7.5W-10W-15W de carga r\u00e1pida.<\/p>","protected":false},"excerpt":{"rendered":"<p>Cargador inal\u00e1mbrico con reloj con cubierta de tela y luz nocturna t\u00e1ctil ajustable de 3 niveles de 15 w,\u00a0(la luz nocturna est\u00e1 en la base). Este producto tiene un dise\u00f1o creativo y ergon\u00f3mico. Puede ser usado en el hogar y en el trabajo.\u00a0Este producto es compatible cualquier dispositivo m\u00f3vil con tecnolog\u00eda Qi, que soporte cargas [&hellip;]<\/p>","protected":false},"featured_media":68758,"comment_status":"closed","ping_status":"closed","template":"","meta":[],"genre":[],"product_cat":[299,396],"product_tag":[],"class_list":{"0":"post-76904","1":"product","2":"type-product","3":"status-publish","4":"has-post-thumbnail","6":"product_cat-accesorios-de-oficina","7":"product_cat-ver-todo-oficina","9":"first","10":"instock","11":"shipping-taxable","12":"purchasable","13":"product-type-simple"},"_links":{"self":[{"href":"https:\/\/amgpromocionales.mx\/en\/wp-json\/wp\/v2\/product\/76904","targetHints":{"allow":["GET"]}}],"collection":[{"href":"https:\/\/amgpromocionales.mx\/en\/wp-json\/wp\/v2\/product"}],"about":[{"href":"https:\/\/amgpromocionales.mx\/en\/wp-json\/wp\/v2\/types\/product"}],"replies":[{"embeddable":true,"href":"https:\/\/amgpromocionales.mx\/en\/wp-json\/wp\/v2\/comments?post=76904"}],"wp:featuredmedia":[{"embeddable":true,"href":"https:\/\/amgpromocionales.mx\/en\/wp-json\/wp\/v2\/media\/68758"}],"wp:attachment":[{"href":"https:\/\/amgpromocionales.mx\/en\/wp-json\/wp\/v2\/media?parent=76904"}],"wp:term":[{"taxonomy":"product_brand","embeddable":true,"href":"https:\/\/amgpromocionales.mx\/en\/wp-json\/wp\/v2\/genre?post=76904"},{"taxonomy":"product_cat","embeddable":true,"href":"https:\/\/amgpromocionales.mx\/en\/wp-json\/wp\/v2\/product_cat?post=76904"},{"taxonomy":"product_tag","embeddable":true,"href":"https:\/\/amgpromocionales.mx\/en\/wp-json\/wp\/v2\/product_tag?post=76904"}],"curies":[{"name":"wp","href":"https:\/\/api.w.org\/{rel}","templated":true}]}}