{"id":76882,"date":"2025-01-19T15:21:53","date_gmt":"2025-01-19T21:21:53","guid":{"rendered":"https:\/\/amgpromocionales.com.mx\/shop\/bocina-con-lampara-mongar\/"},"modified":"2025-01-21T00:20:58","modified_gmt":"2025-01-21T06:20:58","slug":"bocina-con-lampara-mongar","status":"publish","type":"product","link":"https:\/\/amgpromocionales.mx\/en\/shop\/bocina-con-lampara-mongar\/","title":{"rendered":"Bocina con L\u00e1mpara Mongar."},"content":{"rendered":"<p>Bocina con\u00a0conexi\u00f3n de sonido sin cables, dise\u00f1o vintage y l\u00e1mpara LED de escritorio con tres intensidades de luz que se cambian al tacto. Esta bocina fusiona lo mejor del pasado con la tecnolog\u00eda moderna. Es ideal para tenerla en casa o la oficina.\u00a0Incluye cable USB y caja de cart\u00f3n individual.<\/p>","protected":false},"excerpt":{"rendered":"<p>Bocina con\u00a0conexi\u00f3n de sonido sin cables, dise\u00f1o vintage y l\u00e1mpara LED de escritorio con tres intensidades de luz que se cambian al tacto. Esta bocina fusiona lo mejor del pasado con la tecnolog\u00eda moderna. Es ideal para tenerla en casa o la oficina.\u00a0Incluye cable USB y caja de cart\u00f3n individual.<\/p>","protected":false},"featured_media":68853,"comment_status":"closed","ping_status":"closed","template":"","meta":[],"genre":[],"product_cat":[319,398],"product_tag":[],"class_list":{"0":"post-76882","1":"product","2":"type-product","3":"status-publish","4":"has-post-thumbnail","6":"product_cat-bocinas","7":"product_cat-ver-todo-tecnologia","9":"first","10":"instock","11":"shipping-taxable","12":"purchasable","13":"product-type-simple"},"_links":{"self":[{"href":"https:\/\/amgpromocionales.mx\/en\/wp-json\/wp\/v2\/product\/76882","targetHints":{"allow":["GET"]}}],"collection":[{"href":"https:\/\/amgpromocionales.mx\/en\/wp-json\/wp\/v2\/product"}],"about":[{"href":"https:\/\/amgpromocionales.mx\/en\/wp-json\/wp\/v2\/types\/product"}],"replies":[{"embeddable":true,"href":"https:\/\/amgpromocionales.mx\/en\/wp-json\/wp\/v2\/comments?post=76882"}],"wp:featuredmedia":[{"embeddable":true,"href":"https:\/\/amgpromocionales.mx\/en\/wp-json\/wp\/v2\/media\/68853"}],"wp:attachment":[{"href":"https:\/\/amgpromocionales.mx\/en\/wp-json\/wp\/v2\/media?parent=76882"}],"wp:term":[{"taxonomy":"product_brand","embeddable":true,"href":"https:\/\/amgpromocionales.mx\/en\/wp-json\/wp\/v2\/genre?post=76882"},{"taxonomy":"product_cat","embeddable":true,"href":"https:\/\/amgpromocionales.mx\/en\/wp-json\/wp\/v2\/product_cat?post=76882"},{"taxonomy":"product_tag","embeddable":true,"href":"https:\/\/amgpromocionales.mx\/en\/wp-json\/wp\/v2\/product_tag?post=76882"}],"curies":[{"name":"wp","href":"https:\/\/api.w.org\/{rel}","templated":true}]}}