{"id":76879,"date":"2025-01-19T15:21:49","date_gmt":"2025-01-19T21:21:49","guid":{"rendered":"https:\/\/amgpromocionales.com.mx\/shop\/bocina-marinetta\/"},"modified":"2025-01-21T00:20:59","modified_gmt":"2025-01-21T06:20:59","slug":"bocina-marinetta","status":"publish","type":"product","link":"https:\/\/amgpromocionales.mx\/en\/shop\/bocina-marinetta\/","title":{"rendered":"Bocina Marinetta."},"content":{"rendered":"<p>Bocina con conexi\u00f3n de sonido sin cables, auriculares incluidos fabricada en pl\u00e1stico ABS, entrada de USB Typo-C, control de volumen, cuenta con funci\u00f3n para cancelar el ruido, tiempo de carga de 40-50 minutos y de reproducci\u00f3n de 3.5-4.5 horas. Cuenta con un cord\u00f3n que te permite llevarla a cualquier parte teniendo la posibilidad de usar las bocinas o los auriculares en cualquier momento. Incluye caja individual<\/p>","protected":false},"excerpt":{"rendered":"<p>Bocina con conexi\u00f3n de sonido sin cables, auriculares incluidos fabricada en pl\u00e1stico ABS, entrada de USB Typo-C, control de volumen, cuenta con funci\u00f3n para cancelar el ruido, tiempo de carga de 40-50 minutos y de reproducci\u00f3n de 3.5-4.5 horas. Cuenta con un cord\u00f3n que te permite llevarla a cualquier parte teniendo la posibilidad de usar [&hellip;]<\/p>","protected":false},"featured_media":68902,"comment_status":"closed","ping_status":"closed","template":"","meta":[],"genre":[],"product_cat":[319,398],"product_tag":[],"class_list":{"0":"post-76879","1":"product","2":"type-product","3":"status-publish","4":"has-post-thumbnail","6":"product_cat-bocinas","7":"product_cat-ver-todo-tecnologia","9":"first","10":"instock","11":"shipping-taxable","12":"purchasable","13":"product-type-simple"},"_links":{"self":[{"href":"https:\/\/amgpromocionales.mx\/en\/wp-json\/wp\/v2\/product\/76879","targetHints":{"allow":["GET"]}}],"collection":[{"href":"https:\/\/amgpromocionales.mx\/en\/wp-json\/wp\/v2\/product"}],"about":[{"href":"https:\/\/amgpromocionales.mx\/en\/wp-json\/wp\/v2\/types\/product"}],"replies":[{"embeddable":true,"href":"https:\/\/amgpromocionales.mx\/en\/wp-json\/wp\/v2\/comments?post=76879"}],"wp:featuredmedia":[{"embeddable":true,"href":"https:\/\/amgpromocionales.mx\/en\/wp-json\/wp\/v2\/media\/68902"}],"wp:attachment":[{"href":"https:\/\/amgpromocionales.mx\/en\/wp-json\/wp\/v2\/media?parent=76879"}],"wp:term":[{"taxonomy":"product_brand","embeddable":true,"href":"https:\/\/amgpromocionales.mx\/en\/wp-json\/wp\/v2\/genre?post=76879"},{"taxonomy":"product_cat","embeddable":true,"href":"https:\/\/amgpromocionales.mx\/en\/wp-json\/wp\/v2\/product_cat?post=76879"},{"taxonomy":"product_tag","embeddable":true,"href":"https:\/\/amgpromocionales.mx\/en\/wp-json\/wp\/v2\/product_tag?post=76879"}],"curies":[{"name":"wp","href":"https:\/\/api.w.org\/{rel}","templated":true}]}}