{"id":76876,"date":"2025-01-19T15:21:46","date_gmt":"2025-01-19T21:21:46","guid":{"rendered":"https:\/\/amgpromocionales.com.mx\/shop\/mini-bocina-cellina\/"},"modified":"2025-01-21T00:20:59","modified_gmt":"2025-01-21T06:20:59","slug":"mini-bocina-cellina","status":"publish","type":"product","link":"https:\/\/amgpromocionales.mx\/en\/shop\/mini-bocina-cellina\/","title":{"rendered":"Mini Bocina Cellina."},"content":{"rendered":"<p>Bocina con conexi\u00f3n de sonido sin cables, radio FM, entrada Micro SD y modo auxiliar, dise\u00f1o compacto. Incluye caja individual.\u00a0 Su tama\u00f1o compacto y dise\u00f1o liviano permite llevarla f\u00e1cilmente a cualquier lugar. Puedes llevarla en tu bolso, mochila o incluso en el bolsillo, lo que la hace ideal para viajes, paseos al aire libre o para llevarla a fiestas o reuniones con amigos.\u00a0Incluye caja individual.<\/p>","protected":false},"excerpt":{"rendered":"<p>Bocina con conexi\u00f3n de sonido sin cables, radio FM, entrada Micro SD y modo auxiliar, dise\u00f1o compacto. Incluye caja individual.\u00a0 Su tama\u00f1o compacto y dise\u00f1o liviano permite llevarla f\u00e1cilmente a cualquier lugar. Puedes llevarla en tu bolso, mochila o incluso en el bolsillo, lo que la hace ideal para viajes, paseos al aire libre o [&hellip;]<\/p>","protected":false},"featured_media":68883,"comment_status":"closed","ping_status":"closed","template":"","meta":[],"genre":[],"product_cat":[319,398],"product_tag":[],"class_list":{"0":"post-76876","1":"product","2":"type-product","3":"status-publish","4":"has-post-thumbnail","6":"product_cat-bocinas","7":"product_cat-ver-todo-tecnologia","9":"first","10":"instock","11":"shipping-taxable","12":"purchasable","13":"product-type-simple"},"_links":{"self":[{"href":"https:\/\/amgpromocionales.mx\/en\/wp-json\/wp\/v2\/product\/76876","targetHints":{"allow":["GET"]}}],"collection":[{"href":"https:\/\/amgpromocionales.mx\/en\/wp-json\/wp\/v2\/product"}],"about":[{"href":"https:\/\/amgpromocionales.mx\/en\/wp-json\/wp\/v2\/types\/product"}],"replies":[{"embeddable":true,"href":"https:\/\/amgpromocionales.mx\/en\/wp-json\/wp\/v2\/comments?post=76876"}],"wp:featuredmedia":[{"embeddable":true,"href":"https:\/\/amgpromocionales.mx\/en\/wp-json\/wp\/v2\/media\/68883"}],"wp:attachment":[{"href":"https:\/\/amgpromocionales.mx\/en\/wp-json\/wp\/v2\/media?parent=76876"}],"wp:term":[{"taxonomy":"product_brand","embeddable":true,"href":"https:\/\/amgpromocionales.mx\/en\/wp-json\/wp\/v2\/genre?post=76876"},{"taxonomy":"product_cat","embeddable":true,"href":"https:\/\/amgpromocionales.mx\/en\/wp-json\/wp\/v2\/product_cat?post=76876"},{"taxonomy":"product_tag","embeddable":true,"href":"https:\/\/amgpromocionales.mx\/en\/wp-json\/wp\/v2\/product_tag?post=76876"}],"curies":[{"name":"wp","href":"https:\/\/api.w.org\/{rel}","templated":true}]}}