{"id":76871,"date":"2025-01-19T15:21:41","date_gmt":"2025-01-19T21:21:41","guid":{"rendered":"https:\/\/amgpromocionales.com.mx\/shop\/bocina-fivizzano\/"},"modified":"2025-01-21T00:21:00","modified_gmt":"2025-01-21T06:21:00","slug":"bocina-fivizzano","status":"publish","type":"product","link":"https:\/\/amgpromocionales.mx\/en\/shop\/bocina-fivizzano\/","title":{"rendered":"Bocina Fivizzano."},"content":{"rendered":"<p>Bocina con conexi\u00f3n de sonido sin cables a prueba de agua fabricada en pl\u00e1stico ABS y metal, con cubierta de tela, acabado mate, cord\u00f3n y luz RGB 3 modos, dispositivo manos libres, radio FM con sintonizador, ranura para tarjeta TF, ranura USB e IPX4 a prueba de agua. Incluye cable de carga USB y caja de cart\u00f3n individual.<\/p>","protected":false},"excerpt":{"rendered":"<p>Bocina con conexi\u00f3n de sonido sin cables a prueba de agua fabricada en pl\u00e1stico ABS y metal, con cubierta de tela, acabado mate, cord\u00f3n y luz RGB 3 modos, dispositivo manos libres, radio FM con sintonizador, ranura para tarjeta TF, ranura USB e IPX4 a prueba de agua. Incluye cable de carga USB y caja [&hellip;]<\/p>","protected":false},"featured_media":68889,"comment_status":"closed","ping_status":"closed","template":"","meta":[],"genre":[],"product_cat":[319,398],"product_tag":[],"class_list":{"0":"post-76871","1":"product","2":"type-product","3":"status-publish","4":"has-post-thumbnail","6":"product_cat-bocinas","7":"product_cat-ver-todo-tecnologia","9":"first","10":"instock","11":"shipping-taxable","12":"purchasable","13":"product-type-simple"},"_links":{"self":[{"href":"https:\/\/amgpromocionales.mx\/en\/wp-json\/wp\/v2\/product\/76871","targetHints":{"allow":["GET"]}}],"collection":[{"href":"https:\/\/amgpromocionales.mx\/en\/wp-json\/wp\/v2\/product"}],"about":[{"href":"https:\/\/amgpromocionales.mx\/en\/wp-json\/wp\/v2\/types\/product"}],"replies":[{"embeddable":true,"href":"https:\/\/amgpromocionales.mx\/en\/wp-json\/wp\/v2\/comments?post=76871"}],"wp:featuredmedia":[{"embeddable":true,"href":"https:\/\/amgpromocionales.mx\/en\/wp-json\/wp\/v2\/media\/68889"}],"wp:attachment":[{"href":"https:\/\/amgpromocionales.mx\/en\/wp-json\/wp\/v2\/media?parent=76871"}],"wp:term":[{"taxonomy":"product_brand","embeddable":true,"href":"https:\/\/amgpromocionales.mx\/en\/wp-json\/wp\/v2\/genre?post=76871"},{"taxonomy":"product_cat","embeddable":true,"href":"https:\/\/amgpromocionales.mx\/en\/wp-json\/wp\/v2\/product_cat?post=76871"},{"taxonomy":"product_tag","embeddable":true,"href":"https:\/\/amgpromocionales.mx\/en\/wp-json\/wp\/v2\/product_tag?post=76871"}],"curies":[{"name":"wp","href":"https:\/\/api.w.org\/{rel}","templated":true}]}}