{"id":76870,"date":"2025-01-19T15:21:40","date_gmt":"2025-01-19T21:21:40","guid":{"rendered":"https:\/\/amgpromocionales.com.mx\/shop\/bocina-lari\/"},"modified":"2025-01-21T00:21:01","modified_gmt":"2025-01-21T06:21:01","slug":"bocina-lari","status":"publish","type":"product","link":"https:\/\/amgpromocionales.mx\/en\/shop\/bocina-lari\/","title":{"rendered":"Bocina Lari."},"content":{"rendered":"<p>Bocina con conexi\u00f3n de sonido sin cables, con acabado tipo rubber, detalle de con cord\u00f3n para f\u00e1cil transporte. El detalle de color degradado, que va desde la base hasta la parte superior, agrega un toque de sofisticaci\u00f3n y estilo a la bocina, convirti\u00e9ndola en un accesorio est\u00e9tico y llamativo que se adaptar\u00e1 perfectamente a cualquier entorno. Su dise\u00f1o elegante y moderno destaca por su acabado tipo rubber, que no solo brinda un aspecto atractivo, sino que tambi\u00e9n ofrece una sensaci\u00f3n agradable al tacto, asegurando un agarre firme y c\u00f3modo.Incluye caja de cart\u00f3n individual.<\/p>","protected":false},"excerpt":{"rendered":"<p>Bocina con conexi\u00f3n de sonido sin cables, con acabado tipo rubber, detalle de con cord\u00f3n para f\u00e1cil transporte. El detalle de color degradado, que va desde la base hasta la parte superior, agrega un toque de sofisticaci\u00f3n y estilo a la bocina, convirti\u00e9ndola en un accesorio est\u00e9tico y llamativo que se adaptar\u00e1 perfectamente a cualquier [&hellip;]<\/p>","protected":false},"featured_media":68904,"comment_status":"closed","ping_status":"closed","template":"","meta":[],"genre":[],"product_cat":[319,398],"product_tag":[],"class_list":{"0":"post-76870","1":"product","2":"type-product","3":"status-publish","4":"has-post-thumbnail","6":"product_cat-bocinas","7":"product_cat-ver-todo-tecnologia","9":"first","10":"instock","11":"shipping-taxable","12":"purchasable","13":"product-type-simple"},"_links":{"self":[{"href":"https:\/\/amgpromocionales.mx\/en\/wp-json\/wp\/v2\/product\/76870","targetHints":{"allow":["GET"]}}],"collection":[{"href":"https:\/\/amgpromocionales.mx\/en\/wp-json\/wp\/v2\/product"}],"about":[{"href":"https:\/\/amgpromocionales.mx\/en\/wp-json\/wp\/v2\/types\/product"}],"replies":[{"embeddable":true,"href":"https:\/\/amgpromocionales.mx\/en\/wp-json\/wp\/v2\/comments?post=76870"}],"wp:featuredmedia":[{"embeddable":true,"href":"https:\/\/amgpromocionales.mx\/en\/wp-json\/wp\/v2\/media\/68904"}],"wp:attachment":[{"href":"https:\/\/amgpromocionales.mx\/en\/wp-json\/wp\/v2\/media?parent=76870"}],"wp:term":[{"taxonomy":"product_brand","embeddable":true,"href":"https:\/\/amgpromocionales.mx\/en\/wp-json\/wp\/v2\/genre?post=76870"},{"taxonomy":"product_cat","embeddable":true,"href":"https:\/\/amgpromocionales.mx\/en\/wp-json\/wp\/v2\/product_cat?post=76870"},{"taxonomy":"product_tag","embeddable":true,"href":"https:\/\/amgpromocionales.mx\/en\/wp-json\/wp\/v2\/product_tag?post=76870"}],"curies":[{"name":"wp","href":"https:\/\/api.w.org\/{rel}","templated":true}]}}