{"id":76869,"date":"2025-01-19T15:21:39","date_gmt":"2025-01-19T21:21:39","guid":{"rendered":"https:\/\/amgpromocionales.com.mx\/shop\/cargador-bolgheri\/"},"modified":"2025-01-21T00:24:06","modified_gmt":"2025-01-21T06:24:06","slug":"cargador-bolgheri","status":"publish","type":"product","link":"https:\/\/amgpromocionales.mx\/en\/shop\/cargador-bolgheri\/","title":{"rendered":"Cargador Bolgheri."},"content":{"rendered":"<p>Cargador inal\u00e1mbrico 3 en 1\u00a0 fabricado en pl\u00e1stico ABS y metal, carga a trav\u00e9s de cable USB (incluido). Apto para dispositivos con tecnolog\u00eda Qi. Cuenta con varios espacios de carga lo que te permite cargar tu celular, aud\u00edfonos\u00a0y reloj al mismo tiempo. Su dise\u00f1o compacto y elegante es ideal para cualquier espacio.Incluye caja de cart\u00f3n individual<\/p>","protected":false},"excerpt":{"rendered":"<p>Cargador inal\u00e1mbrico 3 en 1\u00a0 fabricado en pl\u00e1stico ABS y metal, carga a trav\u00e9s de cable USB (incluido). Apto para dispositivos con tecnolog\u00eda Qi. Cuenta con varios espacios de carga lo que te permite cargar tu celular, aud\u00edfonos\u00a0y reloj al mismo tiempo. Su dise\u00f1o compacto y elegante es ideal para cualquier espacio.Incluye caja de cart\u00f3n [&hellip;]<\/p>","protected":false},"featured_media":68905,"comment_status":"closed","ping_status":"closed","template":"","meta":[],"genre":[],"product_cat":[322,398],"product_tag":[],"class_list":{"0":"post-76869","1":"product","2":"type-product","3":"status-publish","4":"has-post-thumbnail","6":"product_cat-cargadores-y-accesorios","7":"product_cat-ver-todo-tecnologia","9":"first","10":"instock","11":"shipping-taxable","12":"purchasable","13":"product-type-simple"},"_links":{"self":[{"href":"https:\/\/amgpromocionales.mx\/en\/wp-json\/wp\/v2\/product\/76869","targetHints":{"allow":["GET"]}}],"collection":[{"href":"https:\/\/amgpromocionales.mx\/en\/wp-json\/wp\/v2\/product"}],"about":[{"href":"https:\/\/amgpromocionales.mx\/en\/wp-json\/wp\/v2\/types\/product"}],"replies":[{"embeddable":true,"href":"https:\/\/amgpromocionales.mx\/en\/wp-json\/wp\/v2\/comments?post=76869"}],"wp:featuredmedia":[{"embeddable":true,"href":"https:\/\/amgpromocionales.mx\/en\/wp-json\/wp\/v2\/media\/68905"}],"wp:attachment":[{"href":"https:\/\/amgpromocionales.mx\/en\/wp-json\/wp\/v2\/media?parent=76869"}],"wp:term":[{"taxonomy":"product_brand","embeddable":true,"href":"https:\/\/amgpromocionales.mx\/en\/wp-json\/wp\/v2\/genre?post=76869"},{"taxonomy":"product_cat","embeddable":true,"href":"https:\/\/amgpromocionales.mx\/en\/wp-json\/wp\/v2\/product_cat?post=76869"},{"taxonomy":"product_tag","embeddable":true,"href":"https:\/\/amgpromocionales.mx\/en\/wp-json\/wp\/v2\/product_tag?post=76869"}],"curies":[{"name":"wp","href":"https:\/\/api.w.org\/{rel}","templated":true}]}}