{"id":76868,"date":"2025-01-19T15:21:38","date_gmt":"2025-01-19T21:21:38","guid":{"rendered":"https:\/\/amgpromocionales.com.mx\/shop\/bocina-bibbona\/"},"modified":"2025-01-21T00:21:01","modified_gmt":"2025-01-21T06:21:01","slug":"bocina-bibbona","status":"publish","type":"product","link":"https:\/\/amgpromocionales.mx\/en\/shop\/bocina-bibbona\/","title":{"rendered":"Bocina Bibbona."},"content":{"rendered":"<p>Bocina\u00a0 con aud\u00edfonos con\u00a0conexi\u00f3n de sonido sin cables,\u00a0 fabricada en pl\u00e1stico, incluye arn\u00e9s para f\u00e1cil transporte, carga a trav\u00e9s de cable USB (incluido). Cuenta con aud\u00edfonos inal\u00e1mbricos que ofrecen una experiencia auditiva privada, perfecta para aquellos momentos en que deseas disfrutar de tu m\u00fasica sin molestar a los dem\u00e1s o para mantener conversaciones telef\u00f3nicas m\u00e1s privadas. Incluye caja de cart\u00f3n individual.<\/p>","protected":false},"excerpt":{"rendered":"<p>Bocina\u00a0 con aud\u00edfonos con\u00a0conexi\u00f3n de sonido sin cables,\u00a0 fabricada en pl\u00e1stico, incluye arn\u00e9s para f\u00e1cil transporte, carga a trav\u00e9s de cable USB (incluido). Cuenta con aud\u00edfonos inal\u00e1mbricos que ofrecen una experiencia auditiva privada, perfecta para aquellos momentos en que deseas disfrutar de tu m\u00fasica sin molestar a los dem\u00e1s o para mantener conversaciones telef\u00f3nicas m\u00e1s [&hellip;]<\/p>","protected":false},"featured_media":68906,"comment_status":"closed","ping_status":"closed","template":"","meta":[],"genre":[],"product_cat":[319,398],"product_tag":[],"class_list":{"0":"post-76868","1":"product","2":"type-product","3":"status-publish","4":"has-post-thumbnail","6":"product_cat-bocinas","7":"product_cat-ver-todo-tecnologia","9":"first","10":"instock","11":"shipping-taxable","12":"purchasable","13":"product-type-simple"},"_links":{"self":[{"href":"https:\/\/amgpromocionales.mx\/en\/wp-json\/wp\/v2\/product\/76868","targetHints":{"allow":["GET"]}}],"collection":[{"href":"https:\/\/amgpromocionales.mx\/en\/wp-json\/wp\/v2\/product"}],"about":[{"href":"https:\/\/amgpromocionales.mx\/en\/wp-json\/wp\/v2\/types\/product"}],"replies":[{"embeddable":true,"href":"https:\/\/amgpromocionales.mx\/en\/wp-json\/wp\/v2\/comments?post=76868"}],"wp:featuredmedia":[{"embeddable":true,"href":"https:\/\/amgpromocionales.mx\/en\/wp-json\/wp\/v2\/media\/68906"}],"wp:attachment":[{"href":"https:\/\/amgpromocionales.mx\/en\/wp-json\/wp\/v2\/media?parent=76868"}],"wp:term":[{"taxonomy":"product_brand","embeddable":true,"href":"https:\/\/amgpromocionales.mx\/en\/wp-json\/wp\/v2\/genre?post=76868"},{"taxonomy":"product_cat","embeddable":true,"href":"https:\/\/amgpromocionales.mx\/en\/wp-json\/wp\/v2\/product_cat?post=76868"},{"taxonomy":"product_tag","embeddable":true,"href":"https:\/\/amgpromocionales.mx\/en\/wp-json\/wp\/v2\/product_tag?post=76868"}],"curies":[{"name":"wp","href":"https:\/\/api.w.org\/{rel}","templated":true}]}}