{"id":76862,"date":"2025-01-19T15:21:31","date_gmt":"2025-01-19T21:21:31","guid":{"rendered":"https:\/\/amgpromocionales.com.mx\/shop\/juego-de-cargador-inalambrico-hasaka\/"},"modified":"2025-01-21T00:24:06","modified_gmt":"2025-01-21T06:24:06","slug":"juego-de-cargador-inalambrico-hasaka","status":"publish","type":"product","link":"https:\/\/amgpromocionales.mx\/en\/shop\/juego-de-cargador-inalambrico-hasaka\/","title":{"rendered":"Juego de cargador inalambrico Hasaka."},"content":{"rendered":"<p>Juego de cargador inal\u00e1mbrico con tecnolog\u00eda Qi y bocina con\u00a0conexi\u00f3n de sonido sin cables, con lampara fabricados en pl\u00e1stico ABS, con superficie antiderrapante en la base del cargador. Carga a trav\u00e9s de cable USB (incluido).<\/p>","protected":false},"excerpt":{"rendered":"<p>Juego de cargador inal\u00e1mbrico con tecnolog\u00eda Qi y bocina con\u00a0conexi\u00f3n de sonido sin cables, con lampara fabricados en pl\u00e1stico ABS, con superficie antiderrapante en la base del cargador. Carga a trav\u00e9s de cable USB (incluido).<\/p>","protected":false},"featured_media":69021,"comment_status":"closed","ping_status":"closed","template":"","meta":[],"genre":[],"product_cat":[322,398],"product_tag":[],"class_list":{"0":"post-76862","1":"product","2":"type-product","3":"status-publish","4":"has-post-thumbnail","6":"product_cat-cargadores-y-accesorios","7":"product_cat-ver-todo-tecnologia","9":"first","10":"instock","11":"shipping-taxable","12":"purchasable","13":"product-type-simple"},"_links":{"self":[{"href":"https:\/\/amgpromocionales.mx\/en\/wp-json\/wp\/v2\/product\/76862","targetHints":{"allow":["GET"]}}],"collection":[{"href":"https:\/\/amgpromocionales.mx\/en\/wp-json\/wp\/v2\/product"}],"about":[{"href":"https:\/\/amgpromocionales.mx\/en\/wp-json\/wp\/v2\/types\/product"}],"replies":[{"embeddable":true,"href":"https:\/\/amgpromocionales.mx\/en\/wp-json\/wp\/v2\/comments?post=76862"}],"wp:featuredmedia":[{"embeddable":true,"href":"https:\/\/amgpromocionales.mx\/en\/wp-json\/wp\/v2\/media\/69021"}],"wp:attachment":[{"href":"https:\/\/amgpromocionales.mx\/en\/wp-json\/wp\/v2\/media?parent=76862"}],"wp:term":[{"taxonomy":"product_brand","embeddable":true,"href":"https:\/\/amgpromocionales.mx\/en\/wp-json\/wp\/v2\/genre?post=76862"},{"taxonomy":"product_cat","embeddable":true,"href":"https:\/\/amgpromocionales.mx\/en\/wp-json\/wp\/v2\/product_cat?post=76862"},{"taxonomy":"product_tag","embeddable":true,"href":"https:\/\/amgpromocionales.mx\/en\/wp-json\/wp\/v2\/product_tag?post=76862"}],"curies":[{"name":"wp","href":"https:\/\/api.w.org\/{rel}","templated":true}]}}