{"id":76857,"date":"2025-01-19T15:21:23","date_gmt":"2025-01-19T21:21:23","guid":{"rendered":"https:\/\/amgpromocionales.com.mx\/shop\/cargador-borgo\/"},"modified":"2025-01-21T00:24:07","modified_gmt":"2025-01-21T06:24:07","slug":"cargador-borgo","status":"publish","type":"product","link":"https:\/\/amgpromocionales.mx\/en\/shop\/cargador-borgo\/","title":{"rendered":"Cargador Borgo."},"content":{"rendered":"<p>Cargador inal\u00e1mbrico de 10 W con tecnolog\u00eda Qi, fabricado en bamb\u00fa y pl\u00e1stico ABS. Incluye cable USB y caja de cart\u00f3n individual.Este cargador destaca por su dise\u00f1o ecoamigable, ya que est\u00e1 fabricado con materiales sostenibles como el bamb\u00fa y el pl\u00e1stico ABS. Esta combinaci\u00f3n de materiales no solo lo hace resistente y duradero, sino que tambi\u00e9n contribuye a reducir el impacto ambiental.<\/p>","protected":false},"excerpt":{"rendered":"<p>Cargador inal\u00e1mbrico de 10 W con tecnolog\u00eda Qi, fabricado en bamb\u00fa y pl\u00e1stico ABS. Incluye cable USB y caja de cart\u00f3n individual.Este cargador destaca por su dise\u00f1o ecoamigable, ya que est\u00e1 fabricado con materiales sostenibles como el bamb\u00fa y el pl\u00e1stico ABS. Esta combinaci\u00f3n de materiales no solo lo hace resistente y duradero, sino que [&hellip;]<\/p>","protected":false},"featured_media":68939,"comment_status":"closed","ping_status":"closed","template":"","meta":[],"genre":[],"product_cat":[322,398],"product_tag":[],"class_list":{"0":"post-76857","1":"product","2":"type-product","3":"status-publish","4":"has-post-thumbnail","6":"product_cat-cargadores-y-accesorios","7":"product_cat-ver-todo-tecnologia","9":"first","10":"instock","11":"shipping-taxable","12":"purchasable","13":"product-type-simple"},"_links":{"self":[{"href":"https:\/\/amgpromocionales.mx\/en\/wp-json\/wp\/v2\/product\/76857","targetHints":{"allow":["GET"]}}],"collection":[{"href":"https:\/\/amgpromocionales.mx\/en\/wp-json\/wp\/v2\/product"}],"about":[{"href":"https:\/\/amgpromocionales.mx\/en\/wp-json\/wp\/v2\/types\/product"}],"replies":[{"embeddable":true,"href":"https:\/\/amgpromocionales.mx\/en\/wp-json\/wp\/v2\/comments?post=76857"}],"wp:featuredmedia":[{"embeddable":true,"href":"https:\/\/amgpromocionales.mx\/en\/wp-json\/wp\/v2\/media\/68939"}],"wp:attachment":[{"href":"https:\/\/amgpromocionales.mx\/en\/wp-json\/wp\/v2\/media?parent=76857"}],"wp:term":[{"taxonomy":"product_brand","embeddable":true,"href":"https:\/\/amgpromocionales.mx\/en\/wp-json\/wp\/v2\/genre?post=76857"},{"taxonomy":"product_cat","embeddable":true,"href":"https:\/\/amgpromocionales.mx\/en\/wp-json\/wp\/v2\/product_cat?post=76857"},{"taxonomy":"product_tag","embeddable":true,"href":"https:\/\/amgpromocionales.mx\/en\/wp-json\/wp\/v2\/product_tag?post=76857"}],"curies":[{"name":"wp","href":"https:\/\/api.w.org\/{rel}","templated":true}]}}