{"id":76856,"date":"2025-01-19T15:21:22","date_gmt":"2025-01-19T21:21:22","guid":{"rendered":"https:\/\/amgpromocionales.com.mx\/shop\/bocina-varese\/"},"modified":"2025-01-21T00:21:02","modified_gmt":"2025-01-21T06:21:02","slug":"bocina-varese","status":"publish","type":"product","link":"https:\/\/amgpromocionales.mx\/en\/shop\/bocina-varese\/","title":{"rendered":"Bocina Varese."},"content":{"rendered":"<p>Bocina con\u00a0conexi\u00f3n de sonido sin cables, radio FM, fabricada en pl\u00e1stico ABS, con\u00a0 la parte frontal de bamb\u00fa, cuenta con 4\u00a0 entradas, ranura para tarjeta TF y memoria USB, antideslizante en la parte inferior de la bocina, 4 botones en la parte superior, con un bot\u00f3n deslizante en la parte trasera para encenderla y apagarla, con un tama\u00f1o compacto, lo que la hace f\u00e1cil de transportar<\/p>","protected":false},"excerpt":{"rendered":"<p>Bocina con\u00a0conexi\u00f3n de sonido sin cables, radio FM, fabricada en pl\u00e1stico ABS, con\u00a0 la parte frontal de bamb\u00fa, cuenta con 4\u00a0 entradas, ranura para tarjeta TF y memoria USB, antideslizante en la parte inferior de la bocina, 4 botones en la parte superior, con un bot\u00f3n deslizante en la parte trasera para encenderla y apagarla, [&hellip;]<\/p>","protected":false},"featured_media":69009,"comment_status":"closed","ping_status":"closed","template":"","meta":[],"genre":[],"product_cat":[319,398],"product_tag":[],"class_list":{"0":"post-76856","1":"product","2":"type-product","3":"status-publish","4":"has-post-thumbnail","6":"product_cat-bocinas","7":"product_cat-ver-todo-tecnologia","9":"first","10":"instock","11":"shipping-taxable","12":"purchasable","13":"product-type-simple"},"_links":{"self":[{"href":"https:\/\/amgpromocionales.mx\/en\/wp-json\/wp\/v2\/product\/76856","targetHints":{"allow":["GET"]}}],"collection":[{"href":"https:\/\/amgpromocionales.mx\/en\/wp-json\/wp\/v2\/product"}],"about":[{"href":"https:\/\/amgpromocionales.mx\/en\/wp-json\/wp\/v2\/types\/product"}],"replies":[{"embeddable":true,"href":"https:\/\/amgpromocionales.mx\/en\/wp-json\/wp\/v2\/comments?post=76856"}],"wp:featuredmedia":[{"embeddable":true,"href":"https:\/\/amgpromocionales.mx\/en\/wp-json\/wp\/v2\/media\/69009"}],"wp:attachment":[{"href":"https:\/\/amgpromocionales.mx\/en\/wp-json\/wp\/v2\/media?parent=76856"}],"wp:term":[{"taxonomy":"product_brand","embeddable":true,"href":"https:\/\/amgpromocionales.mx\/en\/wp-json\/wp\/v2\/genre?post=76856"},{"taxonomy":"product_cat","embeddable":true,"href":"https:\/\/amgpromocionales.mx\/en\/wp-json\/wp\/v2\/product_cat?post=76856"},{"taxonomy":"product_tag","embeddable":true,"href":"https:\/\/amgpromocionales.mx\/en\/wp-json\/wp\/v2\/product_tag?post=76856"}],"curies":[{"name":"wp","href":"https:\/\/api.w.org\/{rel}","templated":true}]}}