{"id":76854,"date":"2025-01-19T15:21:20","date_gmt":"2025-01-19T21:21:20","guid":{"rendered":"https:\/\/amgpromocionales.com.mx\/shop\/bocina-farnese\/"},"modified":"2025-01-21T00:21:02","modified_gmt":"2025-01-21T06:21:02","slug":"bocina-farnese","status":"publish","type":"product","link":"https:\/\/amgpromocionales.mx\/en\/shop\/bocina-farnese\/","title":{"rendered":"Bocina Farnese."},"content":{"rendered":"<p>Bocina con conexi\u00f3n de sonido sin cables, 4 bot\u00f3nes en la parte superior para controlar el volumen de la m\u00fasica o pasar a otra canci\u00f3n, con radio y luz LED (la cual puede cambiar de color), con ranura para tarjeta TF y entrada para memoria USB ( el cual ya viene incluido). Con caja de cart\u00f3n individual.<\/p>","protected":false},"excerpt":{"rendered":"<p>Bocina con conexi\u00f3n de sonido sin cables, 4 bot\u00f3nes en la parte superior para controlar el volumen de la m\u00fasica o pasar a otra canci\u00f3n, con radio y luz LED (la cual puede cambiar de color), con ranura para tarjeta TF y entrada para memoria USB ( el cual ya viene incluido). Con caja de [&hellip;]<\/p>","protected":false},"featured_media":69004,"comment_status":"closed","ping_status":"closed","template":"","meta":[],"genre":[],"product_cat":[319,398],"product_tag":[],"class_list":{"0":"post-76854","1":"product","2":"type-product","3":"status-publish","4":"has-post-thumbnail","6":"product_cat-bocinas","7":"product_cat-ver-todo-tecnologia","9":"first","10":"instock","11":"shipping-taxable","12":"purchasable","13":"product-type-simple"},"_links":{"self":[{"href":"https:\/\/amgpromocionales.mx\/en\/wp-json\/wp\/v2\/product\/76854","targetHints":{"allow":["GET"]}}],"collection":[{"href":"https:\/\/amgpromocionales.mx\/en\/wp-json\/wp\/v2\/product"}],"about":[{"href":"https:\/\/amgpromocionales.mx\/en\/wp-json\/wp\/v2\/types\/product"}],"replies":[{"embeddable":true,"href":"https:\/\/amgpromocionales.mx\/en\/wp-json\/wp\/v2\/comments?post=76854"}],"wp:featuredmedia":[{"embeddable":true,"href":"https:\/\/amgpromocionales.mx\/en\/wp-json\/wp\/v2\/media\/69004"}],"wp:attachment":[{"href":"https:\/\/amgpromocionales.mx\/en\/wp-json\/wp\/v2\/media?parent=76854"}],"wp:term":[{"taxonomy":"product_brand","embeddable":true,"href":"https:\/\/amgpromocionales.mx\/en\/wp-json\/wp\/v2\/genre?post=76854"},{"taxonomy":"product_cat","embeddable":true,"href":"https:\/\/amgpromocionales.mx\/en\/wp-json\/wp\/v2\/product_cat?post=76854"},{"taxonomy":"product_tag","embeddable":true,"href":"https:\/\/amgpromocionales.mx\/en\/wp-json\/wp\/v2\/product_tag?post=76854"}],"curies":[{"name":"wp","href":"https:\/\/api.w.org\/{rel}","templated":true}]}}