{"id":76839,"date":"2025-01-19T15:20:59","date_gmt":"2025-01-19T21:20:59","guid":{"rendered":"https:\/\/amgpromocionales.com.mx\/shop\/bocina-aneho\/"},"modified":"2025-01-21T00:21:03","modified_gmt":"2025-01-21T06:21:03","slug":"bocina-aneho","status":"publish","type":"product","link":"https:\/\/amgpromocionales.mx\/en\/shop\/bocina-aneho\/","title":{"rendered":"Bocina Aneho."},"content":{"rendered":"<p>Bocina con conexi\u00f3n de sonido sin cables, radio FM, calidad de sonido premium, fabricada en pl\u00e1stico ABS+Metal, con cubierta de tela e iluminaci\u00f3n LED en la parte superior. Incluye cord\u00f3n para f\u00e1cil transportaci\u00f3n y cable para carga v\u00eda USB y entrada para tarjeta TF. Incluye caja de cart\u00f3n individual.<\/p>","protected":false},"excerpt":{"rendered":"<p>Bocina con conexi\u00f3n de sonido sin cables, radio FM, calidad de sonido premium, fabricada en pl\u00e1stico ABS+Metal, con cubierta de tela e iluminaci\u00f3n LED en la parte superior. Incluye cord\u00f3n para f\u00e1cil transportaci\u00f3n y cable para carga v\u00eda USB y entrada para tarjeta TF. Incluye caja de cart\u00f3n individual.<\/p>","protected":false},"featured_media":69050,"comment_status":"closed","ping_status":"closed","template":"","meta":[],"genre":[],"product_cat":[319,398],"product_tag":[],"class_list":{"0":"post-76839","1":"product","2":"type-product","3":"status-publish","4":"has-post-thumbnail","6":"product_cat-bocinas","7":"product_cat-ver-todo-tecnologia","9":"first","10":"instock","11":"shipping-taxable","12":"purchasable","13":"product-type-simple"},"_links":{"self":[{"href":"https:\/\/amgpromocionales.mx\/en\/wp-json\/wp\/v2\/product\/76839","targetHints":{"allow":["GET"]}}],"collection":[{"href":"https:\/\/amgpromocionales.mx\/en\/wp-json\/wp\/v2\/product"}],"about":[{"href":"https:\/\/amgpromocionales.mx\/en\/wp-json\/wp\/v2\/types\/product"}],"replies":[{"embeddable":true,"href":"https:\/\/amgpromocionales.mx\/en\/wp-json\/wp\/v2\/comments?post=76839"}],"wp:featuredmedia":[{"embeddable":true,"href":"https:\/\/amgpromocionales.mx\/en\/wp-json\/wp\/v2\/media\/69050"}],"wp:attachment":[{"href":"https:\/\/amgpromocionales.mx\/en\/wp-json\/wp\/v2\/media?parent=76839"}],"wp:term":[{"taxonomy":"product_brand","embeddable":true,"href":"https:\/\/amgpromocionales.mx\/en\/wp-json\/wp\/v2\/genre?post=76839"},{"taxonomy":"product_cat","embeddable":true,"href":"https:\/\/amgpromocionales.mx\/en\/wp-json\/wp\/v2\/product_cat?post=76839"},{"taxonomy":"product_tag","embeddable":true,"href":"https:\/\/amgpromocionales.mx\/en\/wp-json\/wp\/v2\/product_tag?post=76839"}],"curies":[{"name":"wp","href":"https:\/\/api.w.org\/{rel}","templated":true}]}}