{"id":76836,"date":"2025-01-19T15:20:56","date_gmt":"2025-01-19T21:20:56","guid":{"rendered":"https:\/\/amgpromocionales.com.mx\/shop\/cargador-zubarah\/"},"modified":"2025-01-21T00:24:07","modified_gmt":"2025-01-21T06:24:07","slug":"cargador-zubarah","status":"publish","type":"product","link":"https:\/\/amgpromocionales.mx\/en\/shop\/cargador-zubarah\/","title":{"rendered":"Cargador Zubarah."},"content":{"rendered":"<p>Cargador fabricado en pl\u00e1stico ABS, con 4 puertos USB\u00a0y 2 puertos tipo \u00abc\u00bb, l\u00e1mpara led con 6 colores diferentes y cable para conectar a la corriente el\u00e9ctrica. Incluye caja de cart\u00f3n individual.<\/p>","protected":false},"excerpt":{"rendered":"<p>Cargador fabricado en pl\u00e1stico ABS, con 4 puertos USB\u00a0y 2 puertos tipo \u00abc\u00bb, l\u00e1mpara led con 6 colores diferentes y cable para conectar a la corriente el\u00e9ctrica. Incluye caja de cart\u00f3n individual.<\/p>","protected":false},"featured_media":69067,"comment_status":"closed","ping_status":"closed","template":"","meta":[],"genre":[],"product_cat":[322,398],"product_tag":[],"class_list":{"0":"post-76836","1":"product","2":"type-product","3":"status-publish","4":"has-post-thumbnail","6":"product_cat-cargadores-y-accesorios","7":"product_cat-ver-todo-tecnologia","9":"first","10":"instock","11":"shipping-taxable","12":"purchasable","13":"product-type-simple"},"_links":{"self":[{"href":"https:\/\/amgpromocionales.mx\/en\/wp-json\/wp\/v2\/product\/76836","targetHints":{"allow":["GET"]}}],"collection":[{"href":"https:\/\/amgpromocionales.mx\/en\/wp-json\/wp\/v2\/product"}],"about":[{"href":"https:\/\/amgpromocionales.mx\/en\/wp-json\/wp\/v2\/types\/product"}],"replies":[{"embeddable":true,"href":"https:\/\/amgpromocionales.mx\/en\/wp-json\/wp\/v2\/comments?post=76836"}],"wp:featuredmedia":[{"embeddable":true,"href":"https:\/\/amgpromocionales.mx\/en\/wp-json\/wp\/v2\/media\/69067"}],"wp:attachment":[{"href":"https:\/\/amgpromocionales.mx\/en\/wp-json\/wp\/v2\/media?parent=76836"}],"wp:term":[{"taxonomy":"product_brand","embeddable":true,"href":"https:\/\/amgpromocionales.mx\/en\/wp-json\/wp\/v2\/genre?post=76836"},{"taxonomy":"product_cat","embeddable":true,"href":"https:\/\/amgpromocionales.mx\/en\/wp-json\/wp\/v2\/product_cat?post=76836"},{"taxonomy":"product_tag","embeddable":true,"href":"https:\/\/amgpromocionales.mx\/en\/wp-json\/wp\/v2\/product_tag?post=76836"}],"curies":[{"name":"wp","href":"https:\/\/api.w.org\/{rel}","templated":true}]}}