{"id":76831,"date":"2025-01-19T15:20:51","date_gmt":"2025-01-19T21:20:51","guid":{"rendered":"https:\/\/amgpromocionales.com.mx\/shop\/bocina-shamal\/"},"modified":"2025-01-21T00:21:04","modified_gmt":"2025-01-21T06:21:04","slug":"bocina-shamal","status":"publish","type":"product","link":"https:\/\/amgpromocionales.mx\/en\/shop\/bocina-shamal\/","title":{"rendered":"Bocina Shamal."},"content":{"rendered":"<p>Bocina con conexi\u00f3n de sonido sin cables, forrada en tela la cual proporciona una protecci\u00f3n adicional contra golpes y ara\u00f1azos, la parte superior de la bocina est\u00e1 hecha de bamb\u00fa que es conocido por su durabilidad y resistencia, una de las caracter\u00edsticas destacadas de la bocina Shamal es su capacidad de carga inal\u00e1mbrica para dispositivos electr\u00f3nicos, la bocina carga utilizando el cable USB el cual ya esta incluido. Incluye caja de cart\u00f3n individual.<\/p>","protected":false},"excerpt":{"rendered":"<p>Bocina con conexi\u00f3n de sonido sin cables, forrada en tela la cual proporciona una protecci\u00f3n adicional contra golpes y ara\u00f1azos, la parte superior de la bocina est\u00e1 hecha de bamb\u00fa que es conocido por su durabilidad y resistencia, una de las caracter\u00edsticas destacadas de la bocina Shamal es su capacidad de carga inal\u00e1mbrica para dispositivos [&hellip;]<\/p>","protected":false},"featured_media":69068,"comment_status":"closed","ping_status":"closed","template":"","meta":[],"genre":[],"product_cat":[319,398],"product_tag":[],"class_list":{"0":"post-76831","1":"product","2":"type-product","3":"status-publish","4":"has-post-thumbnail","6":"product_cat-bocinas","7":"product_cat-ver-todo-tecnologia","9":"first","10":"instock","11":"shipping-taxable","12":"purchasable","13":"product-type-simple"},"_links":{"self":[{"href":"https:\/\/amgpromocionales.mx\/en\/wp-json\/wp\/v2\/product\/76831","targetHints":{"allow":["GET"]}}],"collection":[{"href":"https:\/\/amgpromocionales.mx\/en\/wp-json\/wp\/v2\/product"}],"about":[{"href":"https:\/\/amgpromocionales.mx\/en\/wp-json\/wp\/v2\/types\/product"}],"replies":[{"embeddable":true,"href":"https:\/\/amgpromocionales.mx\/en\/wp-json\/wp\/v2\/comments?post=76831"}],"wp:featuredmedia":[{"embeddable":true,"href":"https:\/\/amgpromocionales.mx\/en\/wp-json\/wp\/v2\/media\/69068"}],"wp:attachment":[{"href":"https:\/\/amgpromocionales.mx\/en\/wp-json\/wp\/v2\/media?parent=76831"}],"wp:term":[{"taxonomy":"product_brand","embeddable":true,"href":"https:\/\/amgpromocionales.mx\/en\/wp-json\/wp\/v2\/genre?post=76831"},{"taxonomy":"product_cat","embeddable":true,"href":"https:\/\/amgpromocionales.mx\/en\/wp-json\/wp\/v2\/product_cat?post=76831"},{"taxonomy":"product_tag","embeddable":true,"href":"https:\/\/amgpromocionales.mx\/en\/wp-json\/wp\/v2\/product_tag?post=76831"}],"curies":[{"name":"wp","href":"https:\/\/api.w.org\/{rel}","templated":true}]}}