{"id":76825,"date":"2025-01-19T15:20:45","date_gmt":"2025-01-19T21:20:45","guid":{"rendered":"https:\/\/amgpromocionales.com.mx\/shop\/bocina-piatra\/"},"modified":"2025-01-21T00:21:04","modified_gmt":"2025-01-21T06:21:04","slug":"bocina-piatra","status":"publish","type":"product","link":"https:\/\/amgpromocionales.mx\/en\/shop\/bocina-piatra\/","title":{"rendered":"Bocina Piatra."},"content":{"rendered":"<p>Bocina con conexi\u00f3n de sonido sin cables, radio FM y entrada para tarjeta TF, fabricada en pl\u00e1stico ABS apariencia bamb\u00fa. Incluye correa, cable de carga USB yable de carga USB y\u00a0caja de cart\u00f3n individual. Ya sea que est\u00e9s en casa, en una fiesta, en un picnic o en una escapada al aire libre, esta bocina te acompa\u00f1ar\u00e1 en cada aventura.<\/p>","protected":false},"excerpt":{"rendered":"<p>Bocina con conexi\u00f3n de sonido sin cables, radio FM y entrada para tarjeta TF, fabricada en pl\u00e1stico ABS apariencia bamb\u00fa. Incluye correa, cable de carga USB yable de carga USB y\u00a0caja de cart\u00f3n individual. Ya sea que est\u00e9s en casa, en una fiesta, en un picnic o en una escapada al aire libre, esta bocina [&hellip;]<\/p>","protected":false},"featured_media":69101,"comment_status":"closed","ping_status":"closed","template":"","meta":[],"genre":[],"product_cat":[319,398],"product_tag":[],"class_list":{"0":"post-76825","1":"product","2":"type-product","3":"status-publish","4":"has-post-thumbnail","6":"product_cat-bocinas","7":"product_cat-ver-todo-tecnologia","9":"first","10":"instock","11":"shipping-taxable","12":"purchasable","13":"product-type-simple"},"_links":{"self":[{"href":"https:\/\/amgpromocionales.mx\/en\/wp-json\/wp\/v2\/product\/76825","targetHints":{"allow":["GET"]}}],"collection":[{"href":"https:\/\/amgpromocionales.mx\/en\/wp-json\/wp\/v2\/product"}],"about":[{"href":"https:\/\/amgpromocionales.mx\/en\/wp-json\/wp\/v2\/types\/product"}],"replies":[{"embeddable":true,"href":"https:\/\/amgpromocionales.mx\/en\/wp-json\/wp\/v2\/comments?post=76825"}],"wp:featuredmedia":[{"embeddable":true,"href":"https:\/\/amgpromocionales.mx\/en\/wp-json\/wp\/v2\/media\/69101"}],"wp:attachment":[{"href":"https:\/\/amgpromocionales.mx\/en\/wp-json\/wp\/v2\/media?parent=76825"}],"wp:term":[{"taxonomy":"product_brand","embeddable":true,"href":"https:\/\/amgpromocionales.mx\/en\/wp-json\/wp\/v2\/genre?post=76825"},{"taxonomy":"product_cat","embeddable":true,"href":"https:\/\/amgpromocionales.mx\/en\/wp-json\/wp\/v2\/product_cat?post=76825"},{"taxonomy":"product_tag","embeddable":true,"href":"https:\/\/amgpromocionales.mx\/en\/wp-json\/wp\/v2\/product_tag?post=76825"}],"curies":[{"name":"wp","href":"https:\/\/api.w.org\/{rel}","templated":true}]}}