{"id":76824,"date":"2025-01-19T15:20:43","date_gmt":"2025-01-19T21:20:43","guid":{"rendered":"https:\/\/amgpromocionales.com.mx\/shop\/cargador-buzau\/"},"modified":"2025-01-21T00:24:08","modified_gmt":"2025-01-21T06:24:08","slug":"cargador-buzau","status":"publish","type":"product","link":"https:\/\/amgpromocionales.mx\/en\/shop\/cargador-buzau\/","title":{"rendered":"Cargador Buzau."},"content":{"rendered":"<p>Cargador inal\u00e1mbrico 3 en 1, con tecnolog\u00eda Qi. Ideal para carga inal\u00e1mbrica de tel\u00e9fonos celulares, relojes inteligentes y aud\u00edfonos inal\u00e1mbricos. Carga a trav\u00e9s de cable USB (incluido). Incluye caja de cart\u00f3n individual. Carga todo en un solo lugar.<\/p>","protected":false},"excerpt":{"rendered":"<p>Cargador inal\u00e1mbrico 3 en 1, con tecnolog\u00eda Qi. Ideal para carga inal\u00e1mbrica de tel\u00e9fonos celulares, relojes inteligentes y aud\u00edfonos inal\u00e1mbricos. Carga a trav\u00e9s de cable USB (incluido). Incluye caja de cart\u00f3n individual. Carga todo en un solo lugar.<\/p>","protected":false},"featured_media":69102,"comment_status":"closed","ping_status":"closed","template":"","meta":[],"genre":[],"product_cat":[322,398],"product_tag":[],"class_list":{"0":"post-76824","1":"product","2":"type-product","3":"status-publish","4":"has-post-thumbnail","6":"product_cat-cargadores-y-accesorios","7":"product_cat-ver-todo-tecnologia","9":"first","10":"instock","11":"shipping-taxable","12":"purchasable","13":"product-type-simple"},"_links":{"self":[{"href":"https:\/\/amgpromocionales.mx\/en\/wp-json\/wp\/v2\/product\/76824","targetHints":{"allow":["GET"]}}],"collection":[{"href":"https:\/\/amgpromocionales.mx\/en\/wp-json\/wp\/v2\/product"}],"about":[{"href":"https:\/\/amgpromocionales.mx\/en\/wp-json\/wp\/v2\/types\/product"}],"replies":[{"embeddable":true,"href":"https:\/\/amgpromocionales.mx\/en\/wp-json\/wp\/v2\/comments?post=76824"}],"wp:featuredmedia":[{"embeddable":true,"href":"https:\/\/amgpromocionales.mx\/en\/wp-json\/wp\/v2\/media\/69102"}],"wp:attachment":[{"href":"https:\/\/amgpromocionales.mx\/en\/wp-json\/wp\/v2\/media?parent=76824"}],"wp:term":[{"taxonomy":"product_brand","embeddable":true,"href":"https:\/\/amgpromocionales.mx\/en\/wp-json\/wp\/v2\/genre?post=76824"},{"taxonomy":"product_cat","embeddable":true,"href":"https:\/\/amgpromocionales.mx\/en\/wp-json\/wp\/v2\/product_cat?post=76824"},{"taxonomy":"product_tag","embeddable":true,"href":"https:\/\/amgpromocionales.mx\/en\/wp-json\/wp\/v2\/product_tag?post=76824"}],"curies":[{"name":"wp","href":"https:\/\/api.w.org\/{rel}","templated":true}]}}