{"id":76819,"date":"2025-01-19T15:20:35","date_gmt":"2025-01-19T21:20:35","guid":{"rendered":"https:\/\/amgpromocionales.com.mx\/shop\/bocina-glujov\/"},"modified":"2025-01-21T00:21:05","modified_gmt":"2025-01-21T06:21:05","slug":"bocina-glujov","status":"publish","type":"product","link":"https:\/\/amgpromocionales.mx\/en\/shop\/bocina-glujov\/","title":{"rendered":"Bocina Glujov."},"content":{"rendered":"<p>Bocina con conexi\u00f3n de sonido sin cables fabricada en pl\u00e1stico con radio FM, entrada para USB y ranura para tarjeta TF. Incluye cable de carga USB y caja de cart\u00f3n individual. Cuenta con detalle de color dorado en la parte del asa.\u00a0<\/p>","protected":false},"excerpt":{"rendered":"<p>Bocina con conexi\u00f3n de sonido sin cables fabricada en pl\u00e1stico con radio FM, entrada para USB y ranura para tarjeta TF. Incluye cable de carga USB y caja de cart\u00f3n individual. Cuenta con detalle de color dorado en la parte del asa.\u00a0<\/p>","protected":false},"featured_media":69132,"comment_status":"closed","ping_status":"closed","template":"","meta":[],"genre":[],"product_cat":[319,398],"product_tag":[],"class_list":{"0":"post-76819","1":"product","2":"type-product","3":"status-publish","4":"has-post-thumbnail","6":"product_cat-bocinas","7":"product_cat-ver-todo-tecnologia","9":"first","10":"instock","11":"shipping-taxable","12":"purchasable","13":"product-type-simple"},"_links":{"self":[{"href":"https:\/\/amgpromocionales.mx\/en\/wp-json\/wp\/v2\/product\/76819","targetHints":{"allow":["GET"]}}],"collection":[{"href":"https:\/\/amgpromocionales.mx\/en\/wp-json\/wp\/v2\/product"}],"about":[{"href":"https:\/\/amgpromocionales.mx\/en\/wp-json\/wp\/v2\/types\/product"}],"replies":[{"embeddable":true,"href":"https:\/\/amgpromocionales.mx\/en\/wp-json\/wp\/v2\/comments?post=76819"}],"wp:featuredmedia":[{"embeddable":true,"href":"https:\/\/amgpromocionales.mx\/en\/wp-json\/wp\/v2\/media\/69132"}],"wp:attachment":[{"href":"https:\/\/amgpromocionales.mx\/en\/wp-json\/wp\/v2\/media?parent=76819"}],"wp:term":[{"taxonomy":"product_brand","embeddable":true,"href":"https:\/\/amgpromocionales.mx\/en\/wp-json\/wp\/v2\/genre?post=76819"},{"taxonomy":"product_cat","embeddable":true,"href":"https:\/\/amgpromocionales.mx\/en\/wp-json\/wp\/v2\/product_cat?post=76819"},{"taxonomy":"product_tag","embeddable":true,"href":"https:\/\/amgpromocionales.mx\/en\/wp-json\/wp\/v2\/product_tag?post=76819"}],"curies":[{"name":"wp","href":"https:\/\/api.w.org\/{rel}","templated":true}]}}