{"id":76803,"date":"2025-01-19T15:20:16","date_gmt":"2025-01-19T21:20:16","guid":{"rendered":"https:\/\/amgpromocionales.com.mx\/shop\/bocina-bila\/"},"modified":"2025-01-21T00:21:05","modified_gmt":"2025-01-21T06:21:05","slug":"bocina-bila","status":"publish","type":"product","link":"https:\/\/amgpromocionales.mx\/en\/shop\/bocina-bila\/","title":{"rendered":"Bocina Bila."},"content":{"rendered":"<p>Bocina con conexi\u00f3n de sonido sin cables 3 en 1, con aud\u00edfonos y power bank con capacidad de 1,500 mAh, fabricada en pl\u00e1stico ABS. Gracias a su tama\u00f1o es f\u00e1cil de transportar. Carga a trav\u00e9s de cable USB (incluido). Incluye caja de cart\u00f3n individual.<\/p>","protected":false},"excerpt":{"rendered":"<p>Bocina con conexi\u00f3n de sonido sin cables 3 en 1, con aud\u00edfonos y power bank con capacidad de 1,500 mAh, fabricada en pl\u00e1stico ABS. Gracias a su tama\u00f1o es f\u00e1cil de transportar. Carga a trav\u00e9s de cable USB (incluido). Incluye caja de cart\u00f3n individual.<\/p>","protected":false},"featured_media":69141,"comment_status":"closed","ping_status":"closed","template":"","meta":[],"genre":[],"product_cat":[319,398],"product_tag":[],"class_list":{"0":"post-76803","1":"product","2":"type-product","3":"status-publish","4":"has-post-thumbnail","6":"product_cat-bocinas","7":"product_cat-ver-todo-tecnologia","9":"first","10":"instock","11":"shipping-taxable","12":"purchasable","13":"product-type-simple"},"_links":{"self":[{"href":"https:\/\/amgpromocionales.mx\/en\/wp-json\/wp\/v2\/product\/76803","targetHints":{"allow":["GET"]}}],"collection":[{"href":"https:\/\/amgpromocionales.mx\/en\/wp-json\/wp\/v2\/product"}],"about":[{"href":"https:\/\/amgpromocionales.mx\/en\/wp-json\/wp\/v2\/types\/product"}],"replies":[{"embeddable":true,"href":"https:\/\/amgpromocionales.mx\/en\/wp-json\/wp\/v2\/comments?post=76803"}],"wp:featuredmedia":[{"embeddable":true,"href":"https:\/\/amgpromocionales.mx\/en\/wp-json\/wp\/v2\/media\/69141"}],"wp:attachment":[{"href":"https:\/\/amgpromocionales.mx\/en\/wp-json\/wp\/v2\/media?parent=76803"}],"wp:term":[{"taxonomy":"product_brand","embeddable":true,"href":"https:\/\/amgpromocionales.mx\/en\/wp-json\/wp\/v2\/genre?post=76803"},{"taxonomy":"product_cat","embeddable":true,"href":"https:\/\/amgpromocionales.mx\/en\/wp-json\/wp\/v2\/product_cat?post=76803"},{"taxonomy":"product_tag","embeddable":true,"href":"https:\/\/amgpromocionales.mx\/en\/wp-json\/wp\/v2\/product_tag?post=76803"}],"curies":[{"name":"wp","href":"https:\/\/api.w.org\/{rel}","templated":true}]}}