{"id":76802,"date":"2025-01-19T15:20:15","date_gmt":"2025-01-19T21:20:15","guid":{"rendered":"https:\/\/amgpromocionales.com.mx\/shop\/bocina-malang\/"},"modified":"2025-01-21T00:21:06","modified_gmt":"2025-01-21T06:21:06","slug":"bocina-malang","status":"publish","type":"product","link":"https:\/\/amgpromocionales.mx\/en\/shop\/bocina-malang\/","title":{"rendered":"Bocina Malang."},"content":{"rendered":"<p>Bocina con\u00a0conexi\u00f3n de sonido sin cables fabricada en pl\u00e1stico, con radio FM, con 2 altavoces, 6W de potencia, entrada para USB, con funci\u00f3n\u00a0de manos libres,\u00a0bater\u00eda integrada de iones de litio con capacidad de 1,200 mAh, cable de audio de 3,5 a 3,5 mm y ranura para tarjeta TF. Incluye cable de carga USB a micro USB y caja de cart\u00f3n individual.<\/p>","protected":false},"excerpt":{"rendered":"<p>Bocina con\u00a0conexi\u00f3n de sonido sin cables fabricada en pl\u00e1stico, con radio FM, con 2 altavoces, 6W de potencia, entrada para USB, con funci\u00f3n\u00a0de manos libres,\u00a0bater\u00eda integrada de iones de litio con capacidad de 1,200 mAh, cable de audio de 3,5 a 3,5 mm y ranura para tarjeta TF. Incluye cable de carga USB a micro [&hellip;]<\/p>","protected":false},"featured_media":69173,"comment_status":"closed","ping_status":"closed","template":"","meta":[],"genre":[],"product_cat":[319,398],"product_tag":[],"class_list":{"0":"post-76802","1":"product","2":"type-product","3":"status-publish","4":"has-post-thumbnail","6":"product_cat-bocinas","7":"product_cat-ver-todo-tecnologia","9":"first","10":"instock","11":"shipping-taxable","12":"purchasable","13":"product-type-simple"},"_links":{"self":[{"href":"https:\/\/amgpromocionales.mx\/en\/wp-json\/wp\/v2\/product\/76802","targetHints":{"allow":["GET"]}}],"collection":[{"href":"https:\/\/amgpromocionales.mx\/en\/wp-json\/wp\/v2\/product"}],"about":[{"href":"https:\/\/amgpromocionales.mx\/en\/wp-json\/wp\/v2\/types\/product"}],"replies":[{"embeddable":true,"href":"https:\/\/amgpromocionales.mx\/en\/wp-json\/wp\/v2\/comments?post=76802"}],"wp:featuredmedia":[{"embeddable":true,"href":"https:\/\/amgpromocionales.mx\/en\/wp-json\/wp\/v2\/media\/69173"}],"wp:attachment":[{"href":"https:\/\/amgpromocionales.mx\/en\/wp-json\/wp\/v2\/media?parent=76802"}],"wp:term":[{"taxonomy":"product_brand","embeddable":true,"href":"https:\/\/amgpromocionales.mx\/en\/wp-json\/wp\/v2\/genre?post=76802"},{"taxonomy":"product_cat","embeddable":true,"href":"https:\/\/amgpromocionales.mx\/en\/wp-json\/wp\/v2\/product_cat?post=76802"},{"taxonomy":"product_tag","embeddable":true,"href":"https:\/\/amgpromocionales.mx\/en\/wp-json\/wp\/v2\/product_tag?post=76802"}],"curies":[{"name":"wp","href":"https:\/\/api.w.org\/{rel}","templated":true}]}}