{"id":76798,"date":"2025-01-19T15:20:10","date_gmt":"2025-01-19T21:20:10","guid":{"rendered":"https:\/\/amgpromocionales.com.mx\/shop\/bocina-mandera\/"},"modified":"2025-01-21T00:21:06","modified_gmt":"2025-01-21T06:21:06","slug":"bocina-mandera","status":"publish","type":"product","link":"https:\/\/amgpromocionales.mx\/en\/shop\/bocina-mandera\/","title":{"rendered":"Bocina Mandera."},"content":{"rendered":"<p>Bocina y auriculares con\u00a0conexi\u00f3n de sonido sin cables, cuenta con arn\u00e9s para facilitar la transportaci\u00f3n. Carga a trav\u00e9s de cable USB (incluido). Incluye caja de cart\u00f3n individual.<\/p>","protected":false},"excerpt":{"rendered":"<p>Bocina y auriculares con\u00a0conexi\u00f3n de sonido sin cables, cuenta con arn\u00e9s para facilitar la transportaci\u00f3n. Carga a trav\u00e9s de cable USB (incluido). Incluye caja de cart\u00f3n individual.<\/p>","protected":false},"featured_media":69246,"comment_status":"closed","ping_status":"closed","template":"","meta":[],"genre":[],"product_cat":[319,398],"product_tag":[],"class_list":{"0":"post-76798","1":"product","2":"type-product","3":"status-publish","4":"has-post-thumbnail","6":"product_cat-bocinas","7":"product_cat-ver-todo-tecnologia","9":"first","10":"instock","11":"shipping-taxable","12":"purchasable","13":"product-type-simple"},"_links":{"self":[{"href":"https:\/\/amgpromocionales.mx\/en\/wp-json\/wp\/v2\/product\/76798","targetHints":{"allow":["GET"]}}],"collection":[{"href":"https:\/\/amgpromocionales.mx\/en\/wp-json\/wp\/v2\/product"}],"about":[{"href":"https:\/\/amgpromocionales.mx\/en\/wp-json\/wp\/v2\/types\/product"}],"replies":[{"embeddable":true,"href":"https:\/\/amgpromocionales.mx\/en\/wp-json\/wp\/v2\/comments?post=76798"}],"wp:featuredmedia":[{"embeddable":true,"href":"https:\/\/amgpromocionales.mx\/en\/wp-json\/wp\/v2\/media\/69246"}],"wp:attachment":[{"href":"https:\/\/amgpromocionales.mx\/en\/wp-json\/wp\/v2\/media?parent=76798"}],"wp:term":[{"taxonomy":"product_brand","embeddable":true,"href":"https:\/\/amgpromocionales.mx\/en\/wp-json\/wp\/v2\/genre?post=76798"},{"taxonomy":"product_cat","embeddable":true,"href":"https:\/\/amgpromocionales.mx\/en\/wp-json\/wp\/v2\/product_cat?post=76798"},{"taxonomy":"product_tag","embeddable":true,"href":"https:\/\/amgpromocionales.mx\/en\/wp-json\/wp\/v2\/product_tag?post=76798"}],"curies":[{"name":"wp","href":"https:\/\/api.w.org\/{rel}","templated":true}]}}