{"id":76792,"date":"2025-01-19T15:20:05","date_gmt":"2025-01-19T21:20:05","guid":{"rendered":"https:\/\/amgpromocionales.com.mx\/shop\/bocina-migori\/"},"modified":"2025-01-21T00:21:07","modified_gmt":"2025-01-21T06:21:07","slug":"bocina-migori","status":"publish","type":"product","link":"https:\/\/amgpromocionales.mx\/en\/shop\/bocina-migori\/","title":{"rendered":"Bocina Migori."},"content":{"rendered":"<p>Bocina con\u00a0conexi\u00f3n de sonido sin cables, cargador inal\u00e1mbrico y luz led; carga a trav\u00e9s de cable usb (incluido). Incluye caja individual de cart\u00f3n.<\/p>","protected":false},"excerpt":{"rendered":"<p>Bocina con\u00a0conexi\u00f3n de sonido sin cables, cargador inal\u00e1mbrico y luz led; carga a trav\u00e9s de cable usb (incluido). Incluye caja individual de cart\u00f3n.<\/p>","protected":false},"featured_media":69261,"comment_status":"closed","ping_status":"closed","template":"","meta":[],"genre":[],"product_cat":[319,398],"product_tag":[],"class_list":{"0":"post-76792","1":"product","2":"type-product","3":"status-publish","4":"has-post-thumbnail","6":"product_cat-bocinas","7":"product_cat-ver-todo-tecnologia","9":"first","10":"instock","11":"shipping-taxable","12":"purchasable","13":"product-type-simple"},"_links":{"self":[{"href":"https:\/\/amgpromocionales.mx\/en\/wp-json\/wp\/v2\/product\/76792","targetHints":{"allow":["GET"]}}],"collection":[{"href":"https:\/\/amgpromocionales.mx\/en\/wp-json\/wp\/v2\/product"}],"about":[{"href":"https:\/\/amgpromocionales.mx\/en\/wp-json\/wp\/v2\/types\/product"}],"replies":[{"embeddable":true,"href":"https:\/\/amgpromocionales.mx\/en\/wp-json\/wp\/v2\/comments?post=76792"}],"wp:featuredmedia":[{"embeddable":true,"href":"https:\/\/amgpromocionales.mx\/en\/wp-json\/wp\/v2\/media\/69261"}],"wp:attachment":[{"href":"https:\/\/amgpromocionales.mx\/en\/wp-json\/wp\/v2\/media?parent=76792"}],"wp:term":[{"taxonomy":"product_brand","embeddable":true,"href":"https:\/\/amgpromocionales.mx\/en\/wp-json\/wp\/v2\/genre?post=76792"},{"taxonomy":"product_cat","embeddable":true,"href":"https:\/\/amgpromocionales.mx\/en\/wp-json\/wp\/v2\/product_cat?post=76792"},{"taxonomy":"product_tag","embeddable":true,"href":"https:\/\/amgpromocionales.mx\/en\/wp-json\/wp\/v2\/product_tag?post=76792"}],"curies":[{"name":"wp","href":"https:\/\/api.w.org\/{rel}","templated":true}]}}