{"id":76788,"date":"2025-01-19T15:19:59","date_gmt":"2025-01-19T21:19:59","guid":{"rendered":"https:\/\/amgpromocionales.com.mx\/shop\/audifonos-watamu\/"},"modified":"2025-01-21T00:19:46","modified_gmt":"2025-01-21T06:19:46","slug":"audifonos-watamu","status":"publish","type":"product","link":"https:\/\/amgpromocionales.mx\/en\/shop\/audifonos-watamu\/","title":{"rendered":"Aud\u00edfonos Watamu."},"content":{"rendered":"<p>Aud\u00edfonos con\u00a0conexi\u00f3n de sonido sin cables tipo diadema fabricados en pl\u00e1stico ABS, con radio FM, carga a trav\u00e9s de cable USB (incluido), con botones en la parte inferior con diferentes funciones. Incluye caja individual de cart\u00f3n.<\/p>","protected":false},"excerpt":{"rendered":"<p>Aud\u00edfonos con\u00a0conexi\u00f3n de sonido sin cables tipo diadema fabricados en pl\u00e1stico ABS, con radio FM, carga a trav\u00e9s de cable USB (incluido), con botones en la parte inferior con diferentes funciones. Incluye caja individual de cart\u00f3n.<\/p>","protected":false},"featured_media":69274,"comment_status":"closed","ping_status":"closed","template":"","meta":[],"genre":[],"product_cat":[320,398],"product_tag":[],"class_list":{"0":"post-76788","1":"product","2":"type-product","3":"status-publish","4":"has-post-thumbnail","6":"product_cat-audifonos","7":"product_cat-ver-todo-tecnologia","9":"first","10":"instock","11":"shipping-taxable","12":"purchasable","13":"product-type-simple"},"_links":{"self":[{"href":"https:\/\/amgpromocionales.mx\/en\/wp-json\/wp\/v2\/product\/76788","targetHints":{"allow":["GET"]}}],"collection":[{"href":"https:\/\/amgpromocionales.mx\/en\/wp-json\/wp\/v2\/product"}],"about":[{"href":"https:\/\/amgpromocionales.mx\/en\/wp-json\/wp\/v2\/types\/product"}],"replies":[{"embeddable":true,"href":"https:\/\/amgpromocionales.mx\/en\/wp-json\/wp\/v2\/comments?post=76788"}],"wp:featuredmedia":[{"embeddable":true,"href":"https:\/\/amgpromocionales.mx\/en\/wp-json\/wp\/v2\/media\/69274"}],"wp:attachment":[{"href":"https:\/\/amgpromocionales.mx\/en\/wp-json\/wp\/v2\/media?parent=76788"}],"wp:term":[{"taxonomy":"product_brand","embeddable":true,"href":"https:\/\/amgpromocionales.mx\/en\/wp-json\/wp\/v2\/genre?post=76788"},{"taxonomy":"product_cat","embeddable":true,"href":"https:\/\/amgpromocionales.mx\/en\/wp-json\/wp\/v2\/product_cat?post=76788"},{"taxonomy":"product_tag","embeddable":true,"href":"https:\/\/amgpromocionales.mx\/en\/wp-json\/wp\/v2\/product_tag?post=76788"}],"curies":[{"name":"wp","href":"https:\/\/api.w.org\/{rel}","templated":true}]}}