{"id":76770,"date":"2025-01-19T15:19:42","date_gmt":"2025-01-19T21:19:42","guid":{"rendered":"https:\/\/amgpromocionales.com.mx\/shop\/power-bank-tavira\/"},"modified":"2025-01-21T00:27:03","modified_gmt":"2025-01-21T06:27:03","slug":"power-bank-tavira","status":"publish","type":"product","link":"https:\/\/amgpromocionales.mx\/en\/shop\/power-bank-tavira\/","title":{"rendered":"Power Bank Tavira."},"content":{"rendered":"<p>Power Bank fabricado en pl\u00e1stico ABS duradero, que proporciona protecci\u00f3n contra golpes y ca\u00eddas accidentales, cuenta con una entrada USB, lo que te permite recargarlo f\u00e1cilmente conect\u00e1ndolo a una fuente de alimentaci\u00f3n. Adem\u00e1s, ofrece una triple salida, que incluye una salida espec\u00edfica para dispositivos iPhone, una salida tipo C y micro USB. Con una capacidad de 10,000 mAh, proporciona una gran cantidad de energ\u00eda para recargar tus dispositivos varias veces antes de necesitar una recarga.<\/p>","protected":false},"excerpt":{"rendered":"<p>Power Bank fabricado en pl\u00e1stico ABS duradero, que proporciona protecci\u00f3n contra golpes y ca\u00eddas accidentales, cuenta con una entrada USB, lo que te permite recargarlo f\u00e1cilmente conect\u00e1ndolo a una fuente de alimentaci\u00f3n. Adem\u00e1s, ofrece una triple salida, que incluye una salida espec\u00edfica para dispositivos iPhone, una salida tipo C y micro USB. Con una capacidad [&hellip;]<\/p>","protected":false},"featured_media":69198,"comment_status":"closed","ping_status":"closed","template":"","meta":[],"genre":[],"product_cat":[321,398],"product_tag":[],"class_list":{"0":"post-76770","1":"product","2":"type-product","3":"status-publish","4":"has-post-thumbnail","6":"product_cat-power-banks","7":"product_cat-ver-todo-tecnologia","9":"first","10":"instock","11":"shipping-taxable","12":"purchasable","13":"product-type-simple"},"_links":{"self":[{"href":"https:\/\/amgpromocionales.mx\/en\/wp-json\/wp\/v2\/product\/76770","targetHints":{"allow":["GET"]}}],"collection":[{"href":"https:\/\/amgpromocionales.mx\/en\/wp-json\/wp\/v2\/product"}],"about":[{"href":"https:\/\/amgpromocionales.mx\/en\/wp-json\/wp\/v2\/types\/product"}],"replies":[{"embeddable":true,"href":"https:\/\/amgpromocionales.mx\/en\/wp-json\/wp\/v2\/comments?post=76770"}],"wp:featuredmedia":[{"embeddable":true,"href":"https:\/\/amgpromocionales.mx\/en\/wp-json\/wp\/v2\/media\/69198"}],"wp:attachment":[{"href":"https:\/\/amgpromocionales.mx\/en\/wp-json\/wp\/v2\/media?parent=76770"}],"wp:term":[{"taxonomy":"product_brand","embeddable":true,"href":"https:\/\/amgpromocionales.mx\/en\/wp-json\/wp\/v2\/genre?post=76770"},{"taxonomy":"product_cat","embeddable":true,"href":"https:\/\/amgpromocionales.mx\/en\/wp-json\/wp\/v2\/product_cat?post=76770"},{"taxonomy":"product_tag","embeddable":true,"href":"https:\/\/amgpromocionales.mx\/en\/wp-json\/wp\/v2\/product_tag?post=76770"}],"curies":[{"name":"wp","href":"https:\/\/api.w.org\/{rel}","templated":true}]}}