{"id":76730,"date":"2025-01-19T15:18:54","date_gmt":"2025-01-19T21:18:54","guid":{"rendered":"https:\/\/amgpromocionales.com.mx\/shop\/audifonos-in-ear\/"},"modified":"2025-01-21T00:19:47","modified_gmt":"2025-01-21T06:19:47","slug":"audifonos-in-ear","status":"publish","type":"product","link":"https:\/\/amgpromocionales.mx\/en\/shop\/audifonos-in-ear\/","title":{"rendered":"Aud\u00edfonos In-ear."},"content":{"rendered":"<p>Aud\u00edfonos In-ear con estuche fabricado en ABS. Estos auriculares est\u00e1n dise\u00f1ados para adaptarse c\u00f3modamente dentro del canal auditivo, proporcionando un sonido claro y envolvente,\u00a0 vienen acompa\u00f1ados de un estuche fabricado en ABS, la conexi\u00f3n de estos aud\u00edfonos es mediante un jack de 3,5 mm, un est\u00e1ndar com\u00fan en la mayor\u00eda de dispositivos de audio.<\/p>","protected":false},"excerpt":{"rendered":"<p>Aud\u00edfonos In-ear con estuche fabricado en ABS. Estos auriculares est\u00e1n dise\u00f1ados para adaptarse c\u00f3modamente dentro del canal auditivo, proporcionando un sonido claro y envolvente,\u00a0 vienen acompa\u00f1ados de un estuche fabricado en ABS, la conexi\u00f3n de estos aud\u00edfonos es mediante un jack de 3,5 mm, un est\u00e1ndar com\u00fan en la mayor\u00eda de dispositivos de audio.<\/p>","protected":false},"featured_media":72374,"comment_status":"closed","ping_status":"closed","template":"","meta":[],"genre":[],"product_cat":[320,398],"product_tag":[],"class_list":{"0":"post-76730","1":"product","2":"type-product","3":"status-publish","4":"has-post-thumbnail","6":"product_cat-audifonos","7":"product_cat-ver-todo-tecnologia","9":"first","10":"instock","11":"shipping-taxable","12":"purchasable","13":"product-type-simple"},"_links":{"self":[{"href":"https:\/\/amgpromocionales.mx\/en\/wp-json\/wp\/v2\/product\/76730","targetHints":{"allow":["GET"]}}],"collection":[{"href":"https:\/\/amgpromocionales.mx\/en\/wp-json\/wp\/v2\/product"}],"about":[{"href":"https:\/\/amgpromocionales.mx\/en\/wp-json\/wp\/v2\/types\/product"}],"replies":[{"embeddable":true,"href":"https:\/\/amgpromocionales.mx\/en\/wp-json\/wp\/v2\/comments?post=76730"}],"wp:featuredmedia":[{"embeddable":true,"href":"https:\/\/amgpromocionales.mx\/en\/wp-json\/wp\/v2\/media\/72374"}],"wp:attachment":[{"href":"https:\/\/amgpromocionales.mx\/en\/wp-json\/wp\/v2\/media?parent=76730"}],"wp:term":[{"taxonomy":"product_brand","embeddable":true,"href":"https:\/\/amgpromocionales.mx\/en\/wp-json\/wp\/v2\/genre?post=76730"},{"taxonomy":"product_cat","embeddable":true,"href":"https:\/\/amgpromocionales.mx\/en\/wp-json\/wp\/v2\/product_cat?post=76730"},{"taxonomy":"product_tag","embeddable":true,"href":"https:\/\/amgpromocionales.mx\/en\/wp-json\/wp\/v2\/product_tag?post=76730"}],"curies":[{"name":"wp","href":"https:\/\/api.w.org\/{rel}","templated":true}]}}