{"id":75981,"date":"2025-01-19T15:05:57","date_gmt":"2025-01-19T21:05:57","guid":{"rendered":"https:\/\/amgpromocionales.com.mx\/shop\/juego-de-prensa-binjai\/"},"modified":"2025-01-20T23:48:53","modified_gmt":"2025-01-21T05:48:53","slug":"juego-de-prensa-binjai","status":"publish","type":"product","link":"https:\/\/amgpromocionales.mx\/en\/shop\/juego-de-prensa-binjai\/","title":{"rendered":"Juego de prensa Binjai."},"content":{"rendered":"<p>Juego de\u00a0mini\u00a0prensa francesa con 2 tazas de cristal, fabricado en vidrio de borosilicato, con tapa de acero inoxidable y pl\u00e1stico, \u00e9mbolo de acero inoxidable y base de TPR, capacidad de prensa de 350 ml, tazas de 120 ml. Incluye caja de cart\u00f3n por set.<\/p>","protected":false},"excerpt":{"rendered":"<p>Juego de\u00a0mini\u00a0prensa francesa con 2 tazas de cristal, fabricado en vidrio de borosilicato, con tapa de acero inoxidable y pl\u00e1stico, \u00e9mbolo de acero inoxidable y base de TPR, capacidad de prensa de 350 ml, tazas de 120 ml. Incluye caja de cart\u00f3n por set.<\/p>","protected":false},"featured_media":69163,"comment_status":"closed","ping_status":"closed","template":"","meta":[],"genre":[],"product_cat":[296,394],"product_tag":[],"class_list":{"0":"post-75981","1":"product","2":"type-product","3":"status-publish","4":"has-post-thumbnail","6":"product_cat-accesorios-de-cocina","7":"product_cat-ver-todo-hogar","9":"first","10":"instock","11":"shipping-taxable","12":"purchasable","13":"product-type-simple"},"_links":{"self":[{"href":"https:\/\/amgpromocionales.mx\/en\/wp-json\/wp\/v2\/product\/75981","targetHints":{"allow":["GET"]}}],"collection":[{"href":"https:\/\/amgpromocionales.mx\/en\/wp-json\/wp\/v2\/product"}],"about":[{"href":"https:\/\/amgpromocionales.mx\/en\/wp-json\/wp\/v2\/types\/product"}],"replies":[{"embeddable":true,"href":"https:\/\/amgpromocionales.mx\/en\/wp-json\/wp\/v2\/comments?post=75981"}],"wp:featuredmedia":[{"embeddable":true,"href":"https:\/\/amgpromocionales.mx\/en\/wp-json\/wp\/v2\/media\/69163"}],"wp:attachment":[{"href":"https:\/\/amgpromocionales.mx\/en\/wp-json\/wp\/v2\/media?parent=75981"}],"wp:term":[{"taxonomy":"product_brand","embeddable":true,"href":"https:\/\/amgpromocionales.mx\/en\/wp-json\/wp\/v2\/genre?post=75981"},{"taxonomy":"product_cat","embeddable":true,"href":"https:\/\/amgpromocionales.mx\/en\/wp-json\/wp\/v2\/product_cat?post=75981"},{"taxonomy":"product_tag","embeddable":true,"href":"https:\/\/amgpromocionales.mx\/en\/wp-json\/wp\/v2\/product_tag?post=75981"}],"curies":[{"name":"wp","href":"https:\/\/api.w.org\/{rel}","templated":true}]}}