{"id":75589,"date":"2025-01-19T14:58:31","date_gmt":"2025-01-19T20:58:31","guid":{"rendered":"https:\/\/amgpromocionales.com.mx\/shop\/set-de-vinos-multan\/"},"modified":"2025-01-20T23:51:49","modified_gmt":"2025-01-21T05:51:49","slug":"set-de-vinos-multan","status":"publish","type":"product","link":"https:\/\/amgpromocionales.mx\/en\/shop\/set-de-vinos-multan\/","title":{"rendered":"Set de vinos Mult\u00e1n."},"content":{"rendered":"<p>Set de vino redondo con accesorios met\u00e1licos, el compa\u00f1ero perfecto para los amantes del vino. Este set completo y elegante incluye todos los elementos esenciales para disfrutar y servir el vino de manera sofisticada. Cuenta con sacacorchos, boquilla, corcho met\u00e1lico y cortagotas, este set te brinda todas las herramientas necesarias para una experiencia de vino excepcional.<\/p>","protected":false},"excerpt":{"rendered":"<p>Set de vino redondo con accesorios met\u00e1licos, el compa\u00f1ero perfecto para los amantes del vino. Este set completo y elegante incluye todos los elementos esenciales para disfrutar y servir el vino de manera sofisticada. Cuenta con sacacorchos, boquilla, corcho met\u00e1lico y cortagotas, este set te brinda todas las herramientas necesarias para una experiencia de vino [&hellip;]<\/p>","protected":false},"featured_media":69040,"comment_status":"closed","ping_status":"closed","template":"","meta":[],"genre":[],"product_cat":[282,394],"product_tag":[],"class_list":{"0":"post-75589","1":"product","2":"type-product","3":"status-publish","4":"has-post-thumbnail","6":"product_cat-accesorios-para-vinos","7":"product_cat-ver-todo-hogar","9":"first","10":"instock","11":"shipping-taxable","12":"purchasable","13":"product-type-simple"},"_links":{"self":[{"href":"https:\/\/amgpromocionales.mx\/en\/wp-json\/wp\/v2\/product\/75589","targetHints":{"allow":["GET"]}}],"collection":[{"href":"https:\/\/amgpromocionales.mx\/en\/wp-json\/wp\/v2\/product"}],"about":[{"href":"https:\/\/amgpromocionales.mx\/en\/wp-json\/wp\/v2\/types\/product"}],"replies":[{"embeddable":true,"href":"https:\/\/amgpromocionales.mx\/en\/wp-json\/wp\/v2\/comments?post=75589"}],"wp:featuredmedia":[{"embeddable":true,"href":"https:\/\/amgpromocionales.mx\/en\/wp-json\/wp\/v2\/media\/69040"}],"wp:attachment":[{"href":"https:\/\/amgpromocionales.mx\/en\/wp-json\/wp\/v2\/media?parent=75589"}],"wp:term":[{"taxonomy":"product_brand","embeddable":true,"href":"https:\/\/amgpromocionales.mx\/en\/wp-json\/wp\/v2\/genre?post=75589"},{"taxonomy":"product_cat","embeddable":true,"href":"https:\/\/amgpromocionales.mx\/en\/wp-json\/wp\/v2\/product_cat?post=75589"},{"taxonomy":"product_tag","embeddable":true,"href":"https:\/\/amgpromocionales.mx\/en\/wp-json\/wp\/v2\/product_tag?post=75589"}],"curies":[{"name":"wp","href":"https:\/\/api.w.org\/{rel}","templated":true}]}}