{"id":75585,"date":"2025-01-19T14:58:28","date_gmt":"2025-01-19T20:58:28","guid":{"rendered":"https:\/\/amgpromocionales.com.mx\/shop\/set-sovareto\/"},"modified":"2025-01-20T23:48:53","modified_gmt":"2025-01-21T05:48:53","slug":"set-sovareto","status":"publish","type":"product","link":"https:\/\/amgpromocionales.mx\/en\/shop\/set-sovareto\/","title":{"rendered":"Set Sovareto."},"content":{"rendered":"<p>Set de quesos fabricado en m\u00e1rmol y madera de bamb\u00fa. Incluye 3 marcadores y 3 cuchillos de acero inoxidable, especiales para quesos. Su dise\u00f1o en m\u00e1rmol le otorga un perfil elegante, que lo hace la opci\u00f3n indicada para reuniones.<\/p>","protected":false},"excerpt":{"rendered":"<p>Set de quesos fabricado en m\u00e1rmol y madera de bamb\u00fa. Incluye 3 marcadores y 3 cuchillos de acero inoxidable, especiales para quesos. Su dise\u00f1o en m\u00e1rmol le otorga un perfil elegante, que lo hace la opci\u00f3n indicada para reuniones.<\/p>","protected":false},"featured_media":68580,"comment_status":"closed","ping_status":"closed","template":"","meta":[],"genre":[],"product_cat":[296,394],"product_tag":[],"class_list":{"0":"post-75585","1":"product","2":"type-product","3":"status-publish","4":"has-post-thumbnail","6":"product_cat-accesorios-de-cocina","7":"product_cat-ver-todo-hogar","9":"first","10":"instock","11":"shipping-taxable","12":"purchasable","13":"product-type-simple"},"_links":{"self":[{"href":"https:\/\/amgpromocionales.mx\/en\/wp-json\/wp\/v2\/product\/75585","targetHints":{"allow":["GET"]}}],"collection":[{"href":"https:\/\/amgpromocionales.mx\/en\/wp-json\/wp\/v2\/product"}],"about":[{"href":"https:\/\/amgpromocionales.mx\/en\/wp-json\/wp\/v2\/types\/product"}],"replies":[{"embeddable":true,"href":"https:\/\/amgpromocionales.mx\/en\/wp-json\/wp\/v2\/comments?post=75585"}],"wp:featuredmedia":[{"embeddable":true,"href":"https:\/\/amgpromocionales.mx\/en\/wp-json\/wp\/v2\/media\/68580"}],"wp:attachment":[{"href":"https:\/\/amgpromocionales.mx\/en\/wp-json\/wp\/v2\/media?parent=75585"}],"wp:term":[{"taxonomy":"product_brand","embeddable":true,"href":"https:\/\/amgpromocionales.mx\/en\/wp-json\/wp\/v2\/genre?post=75585"},{"taxonomy":"product_cat","embeddable":true,"href":"https:\/\/amgpromocionales.mx\/en\/wp-json\/wp\/v2\/product_cat?post=75585"},{"taxonomy":"product_tag","embeddable":true,"href":"https:\/\/amgpromocionales.mx\/en\/wp-json\/wp\/v2\/product_tag?post=75585"}],"curies":[{"name":"wp","href":"https:\/\/api.w.org\/{rel}","templated":true}]}}