{"id":75580,"date":"2025-01-19T14:58:24","date_gmt":"2025-01-19T20:58:24","guid":{"rendered":"https:\/\/amgpromocionales.com.mx\/shop\/tabla-koge\/"},"modified":"2025-01-20T23:48:53","modified_gmt":"2025-01-21T05:48:53","slug":"tabla-koge","status":"publish","type":"product","link":"https:\/\/amgpromocionales.mx\/en\/shop\/tabla-koge\/","title":{"rendered":"Tabla Koge."},"content":{"rendered":"<p>Tabla para picar o cortar alimentos, fabricada en madera de bamb\u00fa. Podr\u00eda proteger sus encimeras utilizando esta tabla de cortar liviana y f\u00e1cil de almacenar. Viene con un anillo de silicona para el pulgar y cumple con la grado alimenticio de la FDA. Se recomienda lavar a mano y almacenar en seco. Cuenta con empaque de papel kraft.<\/p>","protected":false},"excerpt":{"rendered":"<p>Tabla para picar o cortar alimentos, fabricada en madera de bamb\u00fa. Podr\u00eda proteger sus encimeras utilizando esta tabla de cortar liviana y f\u00e1cil de almacenar. Viene con un anillo de silicona para el pulgar y cumple con la grado alimenticio de la FDA. Se recomienda lavar a mano y almacenar en seco. Cuenta con empaque [&hellip;]<\/p>","protected":false},"featured_media":68650,"comment_status":"closed","ping_status":"closed","template":"","meta":[],"genre":[],"product_cat":[296,394],"product_tag":[],"class_list":{"0":"post-75580","1":"product","2":"type-product","3":"status-publish","4":"has-post-thumbnail","6":"product_cat-accesorios-de-cocina","7":"product_cat-ver-todo-hogar","9":"first","10":"instock","11":"shipping-taxable","12":"purchasable","13":"product-type-simple"},"_links":{"self":[{"href":"https:\/\/amgpromocionales.mx\/en\/wp-json\/wp\/v2\/product\/75580","targetHints":{"allow":["GET"]}}],"collection":[{"href":"https:\/\/amgpromocionales.mx\/en\/wp-json\/wp\/v2\/product"}],"about":[{"href":"https:\/\/amgpromocionales.mx\/en\/wp-json\/wp\/v2\/types\/product"}],"replies":[{"embeddable":true,"href":"https:\/\/amgpromocionales.mx\/en\/wp-json\/wp\/v2\/comments?post=75580"}],"wp:featuredmedia":[{"embeddable":true,"href":"https:\/\/amgpromocionales.mx\/en\/wp-json\/wp\/v2\/media\/68650"}],"wp:attachment":[{"href":"https:\/\/amgpromocionales.mx\/en\/wp-json\/wp\/v2\/media?parent=75580"}],"wp:term":[{"taxonomy":"product_brand","embeddable":true,"href":"https:\/\/amgpromocionales.mx\/en\/wp-json\/wp\/v2\/genre?post=75580"},{"taxonomy":"product_cat","embeddable":true,"href":"https:\/\/amgpromocionales.mx\/en\/wp-json\/wp\/v2\/product_cat?post=75580"},{"taxonomy":"product_tag","embeddable":true,"href":"https:\/\/amgpromocionales.mx\/en\/wp-json\/wp\/v2\/product_tag?post=75580"}],"curies":[{"name":"wp","href":"https:\/\/api.w.org\/{rel}","templated":true}]}}