{"id":75564,"date":"2025-01-19T14:58:12","date_gmt":"2025-01-19T20:58:12","guid":{"rendered":"https:\/\/amgpromocionales.com.mx\/shop\/juego-marcelli\/"},"modified":"2025-01-20T23:48:55","modified_gmt":"2025-01-21T05:48:55","slug":"juego-marcelli","status":"publish","type":"product","link":"https:\/\/amgpromocionales.mx\/en\/shop\/juego-marcelli\/","title":{"rendered":"Juego Marcelli."},"content":{"rendered":"<p>Juego de t\u00e9, incluye taza de cer\u00e1mica, plato de madera de bamb\u00fa y cuchara de acero inoxidable 201. Capacidad 220 ml.<\/p>","protected":false},"excerpt":{"rendered":"<p>Juego de t\u00e9, incluye taza de cer\u00e1mica, plato de madera de bamb\u00fa y cuchara de acero inoxidable 201. Capacidad 220 ml.<\/p>","protected":false},"featured_media":68764,"comment_status":"closed","ping_status":"closed","template":"","meta":[],"genre":[],"product_cat":[296,394],"product_tag":[],"class_list":{"0":"post-75564","1":"product","2":"type-product","3":"status-publish","4":"has-post-thumbnail","6":"product_cat-accesorios-de-cocina","7":"product_cat-ver-todo-hogar","9":"first","10":"instock","11":"shipping-taxable","12":"purchasable","13":"product-type-simple"},"_links":{"self":[{"href":"https:\/\/amgpromocionales.mx\/en\/wp-json\/wp\/v2\/product\/75564","targetHints":{"allow":["GET"]}}],"collection":[{"href":"https:\/\/amgpromocionales.mx\/en\/wp-json\/wp\/v2\/product"}],"about":[{"href":"https:\/\/amgpromocionales.mx\/en\/wp-json\/wp\/v2\/types\/product"}],"replies":[{"embeddable":true,"href":"https:\/\/amgpromocionales.mx\/en\/wp-json\/wp\/v2\/comments?post=75564"}],"wp:featuredmedia":[{"embeddable":true,"href":"https:\/\/amgpromocionales.mx\/en\/wp-json\/wp\/v2\/media\/68764"}],"wp:attachment":[{"href":"https:\/\/amgpromocionales.mx\/en\/wp-json\/wp\/v2\/media?parent=75564"}],"wp:term":[{"taxonomy":"product_brand","embeddable":true,"href":"https:\/\/amgpromocionales.mx\/en\/wp-json\/wp\/v2\/genre?post=75564"},{"taxonomy":"product_cat","embeddable":true,"href":"https:\/\/amgpromocionales.mx\/en\/wp-json\/wp\/v2\/product_cat?post=75564"},{"taxonomy":"product_tag","embeddable":true,"href":"https:\/\/amgpromocionales.mx\/en\/wp-json\/wp\/v2\/product_tag?post=75564"}],"curies":[{"name":"wp","href":"https:\/\/api.w.org\/{rel}","templated":true}]}}