{"id":75559,"date":"2025-01-19T14:58:07","date_gmt":"2025-01-19T20:58:07","guid":{"rendered":"https:\/\/amgpromocionales.com.mx\/shop\/set-asele\/"},"modified":"2025-01-20T23:48:55","modified_gmt":"2025-01-21T05:48:55","slug":"set-asele","status":"publish","type":"product","link":"https:\/\/amgpromocionales.mx\/en\/shop\/set-asele\/","title":{"rendered":"Set Asele."},"content":{"rendered":"<p>Set de d\u00eda de campo. Incluye 2 platos de acero inoxidable, juego de cubiertos con mango de madera, descorchador, y tabla para picar. Incluye estuche fabricado en algod\u00f3n. Dise\u00f1o c\u00f3modo para transportar y usar en el exterior.<\/p>","protected":false},"excerpt":{"rendered":"<p>Set de d\u00eda de campo. Incluye 2 platos de acero inoxidable, juego de cubiertos con mango de madera, descorchador, y tabla para picar. Incluye estuche fabricado en algod\u00f3n. Dise\u00f1o c\u00f3modo para transportar y usar en el exterior.<\/p>","protected":false},"featured_media":68581,"comment_status":"closed","ping_status":"closed","template":"","meta":[],"genre":[],"product_cat":[296,394],"product_tag":[],"class_list":{"0":"post-75559","1":"product","2":"type-product","3":"status-publish","4":"has-post-thumbnail","6":"product_cat-accesorios-de-cocina","7":"product_cat-ver-todo-hogar","9":"first","10":"instock","11":"shipping-taxable","12":"purchasable","13":"product-type-simple"},"_links":{"self":[{"href":"https:\/\/amgpromocionales.mx\/en\/wp-json\/wp\/v2\/product\/75559","targetHints":{"allow":["GET"]}}],"collection":[{"href":"https:\/\/amgpromocionales.mx\/en\/wp-json\/wp\/v2\/product"}],"about":[{"href":"https:\/\/amgpromocionales.mx\/en\/wp-json\/wp\/v2\/types\/product"}],"replies":[{"embeddable":true,"href":"https:\/\/amgpromocionales.mx\/en\/wp-json\/wp\/v2\/comments?post=75559"}],"wp:featuredmedia":[{"embeddable":true,"href":"https:\/\/amgpromocionales.mx\/en\/wp-json\/wp\/v2\/media\/68581"}],"wp:attachment":[{"href":"https:\/\/amgpromocionales.mx\/en\/wp-json\/wp\/v2\/media?parent=75559"}],"wp:term":[{"taxonomy":"product_brand","embeddable":true,"href":"https:\/\/amgpromocionales.mx\/en\/wp-json\/wp\/v2\/genre?post=75559"},{"taxonomy":"product_cat","embeddable":true,"href":"https:\/\/amgpromocionales.mx\/en\/wp-json\/wp\/v2\/product_cat?post=75559"},{"taxonomy":"product_tag","embeddable":true,"href":"https:\/\/amgpromocionales.mx\/en\/wp-json\/wp\/v2\/product_tag?post=75559"}],"curies":[{"name":"wp","href":"https:\/\/api.w.org\/{rel}","templated":true}]}}