{"id":75528,"date":"2025-01-19T14:57:40","date_gmt":"2025-01-19T20:57:40","guid":{"rendered":"https:\/\/amgpromocionales.com.mx\/shop\/contenedor-jakar\/"},"modified":"2025-01-20T23:48:56","modified_gmt":"2025-01-21T05:48:56","slug":"contenedor-jakar","status":"publish","type":"product","link":"https:\/\/amgpromocionales.mx\/en\/shop\/contenedor-jakar\/","title":{"rendered":"Contenedor Jakar."},"content":{"rendered":"<p>Contenedor fabricado en vidrio de borosilicato, con tapa y cuchara de bamb\u00fa. El contenedor cuenta con un accesorio especial para colocar la cuchara. Ayuda a preservar la frescura y la integridad de los alimentos almacenados en su interior. Adem\u00e1s, la madera de bamb\u00fa es conocida por su durabilidad y resistencia, lo que garantiza una larga vida \u00fatil del recipiente. Tama\u00f1o pr\u00e1ctico. Incluye Caja de Cart\u00f3n Individual. Capacidad de 500 ml.<\/p>","protected":false},"excerpt":{"rendered":"<p>Contenedor fabricado en vidrio de borosilicato, con tapa y cuchara de bamb\u00fa. El contenedor cuenta con un accesorio especial para colocar la cuchara. Ayuda a preservar la frescura y la integridad de los alimentos almacenados en su interior. Adem\u00e1s, la madera de bamb\u00fa es conocida por su durabilidad y resistencia, lo que garantiza una larga [&hellip;]<\/p>","protected":false},"featured_media":68855,"comment_status":"closed","ping_status":"closed","template":"","meta":[],"genre":[],"product_cat":[296,394],"product_tag":[],"class_list":{"0":"post-75528","1":"product","2":"type-product","3":"status-publish","4":"has-post-thumbnail","6":"product_cat-accesorios-de-cocina","7":"product_cat-ver-todo-hogar","9":"first","10":"instock","11":"shipping-taxable","12":"purchasable","13":"product-type-simple"},"_links":{"self":[{"href":"https:\/\/amgpromocionales.mx\/en\/wp-json\/wp\/v2\/product\/75528","targetHints":{"allow":["GET"]}}],"collection":[{"href":"https:\/\/amgpromocionales.mx\/en\/wp-json\/wp\/v2\/product"}],"about":[{"href":"https:\/\/amgpromocionales.mx\/en\/wp-json\/wp\/v2\/types\/product"}],"replies":[{"embeddable":true,"href":"https:\/\/amgpromocionales.mx\/en\/wp-json\/wp\/v2\/comments?post=75528"}],"wp:featuredmedia":[{"embeddable":true,"href":"https:\/\/amgpromocionales.mx\/en\/wp-json\/wp\/v2\/media\/68855"}],"wp:attachment":[{"href":"https:\/\/amgpromocionales.mx\/en\/wp-json\/wp\/v2\/media?parent=75528"}],"wp:term":[{"taxonomy":"product_brand","embeddable":true,"href":"https:\/\/amgpromocionales.mx\/en\/wp-json\/wp\/v2\/genre?post=75528"},{"taxonomy":"product_cat","embeddable":true,"href":"https:\/\/amgpromocionales.mx\/en\/wp-json\/wp\/v2\/product_cat?post=75528"},{"taxonomy":"product_tag","embeddable":true,"href":"https:\/\/amgpromocionales.mx\/en\/wp-json\/wp\/v2\/product_tag?post=75528"}],"curies":[{"name":"wp","href":"https:\/\/api.w.org\/{rel}","templated":true}]}}