{"id":75527,"date":"2025-01-19T14:57:39","date_gmt":"2025-01-19T20:57:39","guid":{"rendered":"https:\/\/amgpromocionales.com.mx\/shop\/set-de-molinos-noale\/"},"modified":"2025-01-20T23:48:57","modified_gmt":"2025-01-21T05:48:57","slug":"set-de-molinos-noale","status":"publish","type":"product","link":"https:\/\/amgpromocionales.mx\/en\/shop\/set-de-molinos-noale\/","title":{"rendered":"Set de molinos Noale."},"content":{"rendered":"<p>Set de 2 molinos manuales de sal y pimienta o especias con base de bamb\u00fa. Cuerpo de los molinos de vidrio, tapa pl\u00e1stica y n\u00facleo de acero inoxidable. Agrega el mejor sabor a tus alimentos usando estos novedosos molinos y dale un toque distinguido a tu cocina.\u00a0Incluye caja por set.<\/p>","protected":false},"excerpt":{"rendered":"<p>Set de 2 molinos manuales de sal y pimienta o especias con base de bamb\u00fa. Cuerpo de los molinos de vidrio, tapa pl\u00e1stica y n\u00facleo de acero inoxidable. Agrega el mejor sabor a tus alimentos usando estos novedosos molinos y dale un toque distinguido a tu cocina.\u00a0Incluye caja por set.<\/p>","protected":false},"featured_media":68908,"comment_status":"closed","ping_status":"closed","template":"","meta":[],"genre":[],"product_cat":[296,394],"product_tag":[],"class_list":{"0":"post-75527","1":"product","2":"type-product","3":"status-publish","4":"has-post-thumbnail","6":"product_cat-accesorios-de-cocina","7":"product_cat-ver-todo-hogar","9":"first","10":"instock","11":"shipping-taxable","12":"purchasable","13":"product-type-simple"},"_links":{"self":[{"href":"https:\/\/amgpromocionales.mx\/en\/wp-json\/wp\/v2\/product\/75527","targetHints":{"allow":["GET"]}}],"collection":[{"href":"https:\/\/amgpromocionales.mx\/en\/wp-json\/wp\/v2\/product"}],"about":[{"href":"https:\/\/amgpromocionales.mx\/en\/wp-json\/wp\/v2\/types\/product"}],"replies":[{"embeddable":true,"href":"https:\/\/amgpromocionales.mx\/en\/wp-json\/wp\/v2\/comments?post=75527"}],"wp:featuredmedia":[{"embeddable":true,"href":"https:\/\/amgpromocionales.mx\/en\/wp-json\/wp\/v2\/media\/68908"}],"wp:attachment":[{"href":"https:\/\/amgpromocionales.mx\/en\/wp-json\/wp\/v2\/media?parent=75527"}],"wp:term":[{"taxonomy":"product_brand","embeddable":true,"href":"https:\/\/amgpromocionales.mx\/en\/wp-json\/wp\/v2\/genre?post=75527"},{"taxonomy":"product_cat","embeddable":true,"href":"https:\/\/amgpromocionales.mx\/en\/wp-json\/wp\/v2\/product_cat?post=75527"},{"taxonomy":"product_tag","embeddable":true,"href":"https:\/\/amgpromocionales.mx\/en\/wp-json\/wp\/v2\/product_tag?post=75527"}],"curies":[{"name":"wp","href":"https:\/\/api.w.org\/{rel}","templated":true}]}}