{"id":75518,"date":"2025-01-19T14:57:32","date_gmt":"2025-01-19T20:57:32","guid":{"rendered":"https:\/\/amgpromocionales.com.mx\/shop\/set-de-quesos-rizzuto\/"},"modified":"2025-01-20T23:48:57","modified_gmt":"2025-01-21T05:48:57","slug":"set-de-quesos-rizzuto","status":"publish","type":"product","link":"https:\/\/amgpromocionales.mx\/en\/shop\/set-de-quesos-rizzuto\/","title":{"rendered":"Set de quesos Rizzuto."},"content":{"rendered":"<p>Set de quesos con plato de cer\u00e1mica, tabla de bamb\u00fa desmontable y accesorios de acero inoxidable (3 cortadores). Esta tabla es perfecta para cortar y servir los quesos de manera c\u00f3moda y sencilla. El bamb\u00fa es un material ecol\u00f3gico y duradero que ofrece una superficie resistente y f\u00e1cil de limpiar.<\/p>","protected":false},"excerpt":{"rendered":"<p>Set de quesos con plato de cer\u00e1mica, tabla de bamb\u00fa desmontable y accesorios de acero inoxidable (3 cortadores). Esta tabla es perfecta para cortar y servir los quesos de manera c\u00f3moda y sencilla. El bamb\u00fa es un material ecol\u00f3gico y duradero que ofrece una superficie resistente y f\u00e1cil de limpiar.<\/p>","protected":false},"featured_media":68968,"comment_status":"closed","ping_status":"closed","template":"","meta":[],"genre":[],"product_cat":[296,394],"product_tag":[],"class_list":{"0":"post-75518","1":"product","2":"type-product","3":"status-publish","4":"has-post-thumbnail","6":"product_cat-accesorios-de-cocina","7":"product_cat-ver-todo-hogar","9":"first","10":"instock","11":"shipping-taxable","12":"purchasable","13":"product-type-simple"},"_links":{"self":[{"href":"https:\/\/amgpromocionales.mx\/en\/wp-json\/wp\/v2\/product\/75518","targetHints":{"allow":["GET"]}}],"collection":[{"href":"https:\/\/amgpromocionales.mx\/en\/wp-json\/wp\/v2\/product"}],"about":[{"href":"https:\/\/amgpromocionales.mx\/en\/wp-json\/wp\/v2\/types\/product"}],"replies":[{"embeddable":true,"href":"https:\/\/amgpromocionales.mx\/en\/wp-json\/wp\/v2\/comments?post=75518"}],"wp:featuredmedia":[{"embeddable":true,"href":"https:\/\/amgpromocionales.mx\/en\/wp-json\/wp\/v2\/media\/68968"}],"wp:attachment":[{"href":"https:\/\/amgpromocionales.mx\/en\/wp-json\/wp\/v2\/media?parent=75518"}],"wp:term":[{"taxonomy":"product_brand","embeddable":true,"href":"https:\/\/amgpromocionales.mx\/en\/wp-json\/wp\/v2\/genre?post=75518"},{"taxonomy":"product_cat","embeddable":true,"href":"https:\/\/amgpromocionales.mx\/en\/wp-json\/wp\/v2\/product_cat?post=75518"},{"taxonomy":"product_tag","embeddable":true,"href":"https:\/\/amgpromocionales.mx\/en\/wp-json\/wp\/v2\/product_tag?post=75518"}],"curies":[{"name":"wp","href":"https:\/\/api.w.org\/{rel}","templated":true}]}}