{"id":75515,"date":"2025-01-19T14:57:30","date_gmt":"2025-01-19T20:57:30","guid":{"rendered":"https:\/\/amgpromocionales.com.mx\/shop\/set-de-cubiertos-castella\/"},"modified":"2025-01-20T23:48:57","modified_gmt":"2025-01-21T05:48:57","slug":"set-de-cubiertos-castella","status":"publish","type":"product","link":"https:\/\/amgpromocionales.mx\/en\/shop\/set-de-cubiertos-castella\/","title":{"rendered":"Set de cubiertos Castella."},"content":{"rendered":"<p>El set de cubiertos reutilizables fabricados en bamb\u00fa es una elecci\u00f3n eco-amigable que combina funcionalidad, estilo y sostenibilidad. Con cuchara, tenedor, cuchillo y bolsa de algod\u00f3n,\u00a0 permite disfrutar de tus comidas mientras contribuyes a la reducci\u00f3n de residuos pl\u00e1sticos desechables.<\/p>","protected":false},"excerpt":{"rendered":"<p>El set de cubiertos reutilizables fabricados en bamb\u00fa es una elecci\u00f3n eco-amigable que combina funcionalidad, estilo y sostenibilidad. Con cuchara, tenedor, cuchillo y bolsa de algod\u00f3n,\u00a0 permite disfrutar de tus comidas mientras contribuyes a la reducci\u00f3n de residuos pl\u00e1sticos desechables.<\/p>","protected":false},"featured_media":68967,"comment_status":"closed","ping_status":"closed","template":"","meta":[],"genre":[],"product_cat":[296,394],"product_tag":[],"class_list":{"0":"post-75515","1":"product","2":"type-product","3":"status-publish","4":"has-post-thumbnail","6":"product_cat-accesorios-de-cocina","7":"product_cat-ver-todo-hogar","9":"first","10":"instock","11":"shipping-taxable","12":"purchasable","13":"product-type-simple"},"_links":{"self":[{"href":"https:\/\/amgpromocionales.mx\/en\/wp-json\/wp\/v2\/product\/75515","targetHints":{"allow":["GET"]}}],"collection":[{"href":"https:\/\/amgpromocionales.mx\/en\/wp-json\/wp\/v2\/product"}],"about":[{"href":"https:\/\/amgpromocionales.mx\/en\/wp-json\/wp\/v2\/types\/product"}],"replies":[{"embeddable":true,"href":"https:\/\/amgpromocionales.mx\/en\/wp-json\/wp\/v2\/comments?post=75515"}],"wp:featuredmedia":[{"embeddable":true,"href":"https:\/\/amgpromocionales.mx\/en\/wp-json\/wp\/v2\/media\/68967"}],"wp:attachment":[{"href":"https:\/\/amgpromocionales.mx\/en\/wp-json\/wp\/v2\/media?parent=75515"}],"wp:term":[{"taxonomy":"product_brand","embeddable":true,"href":"https:\/\/amgpromocionales.mx\/en\/wp-json\/wp\/v2\/genre?post=75515"},{"taxonomy":"product_cat","embeddable":true,"href":"https:\/\/amgpromocionales.mx\/en\/wp-json\/wp\/v2\/product_cat?post=75515"},{"taxonomy":"product_tag","embeddable":true,"href":"https:\/\/amgpromocionales.mx\/en\/wp-json\/wp\/v2\/product_tag?post=75515"}],"curies":[{"name":"wp","href":"https:\/\/api.w.org\/{rel}","templated":true}]}}