{"id":75488,"date":"2025-01-19T14:56:56","date_gmt":"2025-01-19T20:56:56","guid":{"rendered":"https:\/\/amgpromocionales.com.mx\/shop\/juego-de-contenedores-horki\/"},"modified":"2025-01-20T23:48:57","modified_gmt":"2025-01-21T05:48:57","slug":"juego-de-contenedores-horki","status":"publish","type":"product","link":"https:\/\/amgpromocionales.mx\/en\/shop\/juego-de-contenedores-horki\/","title":{"rendered":"Juego de contenedores Horki."},"content":{"rendered":"<p>Set de 3 contenedores de 500 ml fabricados en vidrio de borosilicato con tapa y base\u00a0de bamb\u00fa. Incluye caja de cart\u00f3n individual. Mant\u00e9n tus alimentos siempre frescos con el sistema de cerrado herm\u00e9tico.<\/p>","protected":false},"excerpt":{"rendered":"<p>Set de 3 contenedores de 500 ml fabricados en vidrio de borosilicato con tapa y base\u00a0de bamb\u00fa. Incluye caja de cart\u00f3n individual. Mant\u00e9n tus alimentos siempre frescos con el sistema de cerrado herm\u00e9tico.<\/p>","protected":false},"featured_media":69127,"comment_status":"closed","ping_status":"closed","template":"","meta":[],"genre":[],"product_cat":[296,394],"product_tag":[],"class_list":{"0":"post-75488","1":"product","2":"type-product","3":"status-publish","4":"has-post-thumbnail","6":"product_cat-accesorios-de-cocina","7":"product_cat-ver-todo-hogar","9":"first","10":"instock","11":"shipping-taxable","12":"purchasable","13":"product-type-simple"},"_links":{"self":[{"href":"https:\/\/amgpromocionales.mx\/en\/wp-json\/wp\/v2\/product\/75488","targetHints":{"allow":["GET"]}}],"collection":[{"href":"https:\/\/amgpromocionales.mx\/en\/wp-json\/wp\/v2\/product"}],"about":[{"href":"https:\/\/amgpromocionales.mx\/en\/wp-json\/wp\/v2\/types\/product"}],"replies":[{"embeddable":true,"href":"https:\/\/amgpromocionales.mx\/en\/wp-json\/wp\/v2\/comments?post=75488"}],"wp:featuredmedia":[{"embeddable":true,"href":"https:\/\/amgpromocionales.mx\/en\/wp-json\/wp\/v2\/media\/69127"}],"wp:attachment":[{"href":"https:\/\/amgpromocionales.mx\/en\/wp-json\/wp\/v2\/media?parent=75488"}],"wp:term":[{"taxonomy":"product_brand","embeddable":true,"href":"https:\/\/amgpromocionales.mx\/en\/wp-json\/wp\/v2\/genre?post=75488"},{"taxonomy":"product_cat","embeddable":true,"href":"https:\/\/amgpromocionales.mx\/en\/wp-json\/wp\/v2\/product_cat?post=75488"},{"taxonomy":"product_tag","embeddable":true,"href":"https:\/\/amgpromocionales.mx\/en\/wp-json\/wp\/v2\/product_tag?post=75488"}],"curies":[{"name":"wp","href":"https:\/\/api.w.org\/{rel}","templated":true}]}}