{"id":75479,"date":"2025-01-19T14:56:48","date_gmt":"2025-01-19T20:56:48","guid":{"rendered":"https:\/\/amgpromocionales.com.mx\/shop\/tetera-uzda\/"},"modified":"2025-01-20T23:48:58","modified_gmt":"2025-01-21T05:48:58","slug":"tetera-uzda","status":"publish","type":"product","link":"https:\/\/amgpromocionales.mx\/en\/shop\/tetera-uzda\/","title":{"rendered":"Tetera Uzda."},"content":{"rendered":"<p>Tetera de vidrio de borosilicato con asa y detalle en tapa de bamb\u00fa. Capacidad de 900 ml. Incluye caja de cart\u00f3n individual. Apto para estufa, esta tetera se puede colocar directamente en estufas de gas o el\u00e9ctricas.<\/p>","protected":false},"excerpt":{"rendered":"<p>Tetera de vidrio de borosilicato con asa y detalle en tapa de bamb\u00fa. Capacidad de 900 ml. Incluye caja de cart\u00f3n individual. Apto para estufa, esta tetera se puede colocar directamente en estufas de gas o el\u00e9ctricas.<\/p>","protected":false},"featured_media":69122,"comment_status":"closed","ping_status":"closed","template":"","meta":[],"genre":[],"product_cat":[296,394],"product_tag":[],"class_list":{"0":"post-75479","1":"product","2":"type-product","3":"status-publish","4":"has-post-thumbnail","6":"product_cat-accesorios-de-cocina","7":"product_cat-ver-todo-hogar","9":"first","10":"instock","11":"shipping-taxable","12":"purchasable","13":"product-type-simple"},"_links":{"self":[{"href":"https:\/\/amgpromocionales.mx\/en\/wp-json\/wp\/v2\/product\/75479","targetHints":{"allow":["GET"]}}],"collection":[{"href":"https:\/\/amgpromocionales.mx\/en\/wp-json\/wp\/v2\/product"}],"about":[{"href":"https:\/\/amgpromocionales.mx\/en\/wp-json\/wp\/v2\/types\/product"}],"replies":[{"embeddable":true,"href":"https:\/\/amgpromocionales.mx\/en\/wp-json\/wp\/v2\/comments?post=75479"}],"wp:featuredmedia":[{"embeddable":true,"href":"https:\/\/amgpromocionales.mx\/en\/wp-json\/wp\/v2\/media\/69122"}],"wp:attachment":[{"href":"https:\/\/amgpromocionales.mx\/en\/wp-json\/wp\/v2\/media?parent=75479"}],"wp:term":[{"taxonomy":"product_brand","embeddable":true,"href":"https:\/\/amgpromocionales.mx\/en\/wp-json\/wp\/v2\/genre?post=75479"},{"taxonomy":"product_cat","embeddable":true,"href":"https:\/\/amgpromocionales.mx\/en\/wp-json\/wp\/v2\/product_cat?post=75479"},{"taxonomy":"product_tag","embeddable":true,"href":"https:\/\/amgpromocionales.mx\/en\/wp-json\/wp\/v2\/product_tag?post=75479"}],"curies":[{"name":"wp","href":"https:\/\/api.w.org\/{rel}","templated":true}]}}