{"id":75476,"date":"2025-01-19T14:56:45","date_gmt":"2025-01-19T20:56:45","guid":{"rendered":"https:\/\/amgpromocionales.com.mx\/shop\/jarra-horka\/"},"modified":"2025-01-20T23:48:58","modified_gmt":"2025-01-21T05:48:58","slug":"jarra-horka","status":"publish","type":"product","link":"https:\/\/amgpromocionales.mx\/en\/shop\/jarra-horka\/","title":{"rendered":"Jarra Horka."},"content":{"rendered":"<p>Tetera \/ Jarra negra de acero inoxidable, con acabado mate. Ideal para t\u00e9 , leche o caf\u00e9 . Fabricada en materiales de grado alimenticio. No usar en microondas. Capacidad de 600 ml. Incluye caja de cart\u00f3n individual<\/p>","protected":false},"excerpt":{"rendered":"<p>Tetera \/ Jarra negra de acero inoxidable, con acabado mate. Ideal para t\u00e9 , leche o caf\u00e9 . Fabricada en materiales de grado alimenticio. No usar en microondas. Capacidad de 600 ml. Incluye caja de cart\u00f3n individual<\/p>","protected":false},"featured_media":69121,"comment_status":"closed","ping_status":"closed","template":"","meta":[],"genre":[],"product_cat":[296,394],"product_tag":[],"class_list":{"0":"post-75476","1":"product","2":"type-product","3":"status-publish","4":"has-post-thumbnail","6":"product_cat-accesorios-de-cocina","7":"product_cat-ver-todo-hogar","9":"first","10":"instock","11":"shipping-taxable","12":"purchasable","13":"product-type-simple"},"_links":{"self":[{"href":"https:\/\/amgpromocionales.mx\/en\/wp-json\/wp\/v2\/product\/75476","targetHints":{"allow":["GET"]}}],"collection":[{"href":"https:\/\/amgpromocionales.mx\/en\/wp-json\/wp\/v2\/product"}],"about":[{"href":"https:\/\/amgpromocionales.mx\/en\/wp-json\/wp\/v2\/types\/product"}],"replies":[{"embeddable":true,"href":"https:\/\/amgpromocionales.mx\/en\/wp-json\/wp\/v2\/comments?post=75476"}],"wp:featuredmedia":[{"embeddable":true,"href":"https:\/\/amgpromocionales.mx\/en\/wp-json\/wp\/v2\/media\/69121"}],"wp:attachment":[{"href":"https:\/\/amgpromocionales.mx\/en\/wp-json\/wp\/v2\/media?parent=75476"}],"wp:term":[{"taxonomy":"product_brand","embeddable":true,"href":"https:\/\/amgpromocionales.mx\/en\/wp-json\/wp\/v2\/genre?post=75476"},{"taxonomy":"product_cat","embeddable":true,"href":"https:\/\/amgpromocionales.mx\/en\/wp-json\/wp\/v2\/product_cat?post=75476"},{"taxonomy":"product_tag","embeddable":true,"href":"https:\/\/amgpromocionales.mx\/en\/wp-json\/wp\/v2\/product_tag?post=75476"}],"curies":[{"name":"wp","href":"https:\/\/api.w.org\/{rel}","templated":true}]}}