{"id":75474,"date":"2025-01-19T14:56:42","date_gmt":"2025-01-19T20:56:42","guid":{"rendered":"https:\/\/amgpromocionales.com.mx\/shop\/bascula-borisov\/"},"modified":"2025-01-20T23:48:58","modified_gmt":"2025-01-21T05:48:58","slug":"bascula-borisov","status":"publish","type":"product","link":"https:\/\/amgpromocionales.mx\/en\/shop\/bascula-borisov\/","title":{"rendered":"B\u00e1scula Bor\u00edsov."},"content":{"rendered":"<p>B\u00e1scula electr\u00f3nica de cocina fabricada en bamb\u00fa. Soporta un peso m\u00e1ximo de 5 kg. Incluye 2 bater\u00edas y caja de cart\u00f3n. El dise\u00f1o compacto de esta b\u00e1scula de cocina es f\u00e1cil de almacenar y transportar.<\/p>","protected":false},"excerpt":{"rendered":"<p>B\u00e1scula electr\u00f3nica de cocina fabricada en bamb\u00fa. Soporta un peso m\u00e1ximo de 5 kg. Incluye 2 bater\u00edas y caja de cart\u00f3n. El dise\u00f1o compacto de esta b\u00e1scula de cocina es f\u00e1cil de almacenar y transportar.<\/p>","protected":false},"featured_media":69120,"comment_status":"closed","ping_status":"closed","template":"","meta":[],"genre":[],"product_cat":[296,394],"product_tag":[],"class_list":{"0":"post-75474","1":"product","2":"type-product","3":"status-publish","4":"has-post-thumbnail","6":"product_cat-accesorios-de-cocina","7":"product_cat-ver-todo-hogar","9":"first","10":"instock","11":"shipping-taxable","12":"purchasable","13":"product-type-simple"},"_links":{"self":[{"href":"https:\/\/amgpromocionales.mx\/en\/wp-json\/wp\/v2\/product\/75474","targetHints":{"allow":["GET"]}}],"collection":[{"href":"https:\/\/amgpromocionales.mx\/en\/wp-json\/wp\/v2\/product"}],"about":[{"href":"https:\/\/amgpromocionales.mx\/en\/wp-json\/wp\/v2\/types\/product"}],"replies":[{"embeddable":true,"href":"https:\/\/amgpromocionales.mx\/en\/wp-json\/wp\/v2\/comments?post=75474"}],"wp:featuredmedia":[{"embeddable":true,"href":"https:\/\/amgpromocionales.mx\/en\/wp-json\/wp\/v2\/media\/69120"}],"wp:attachment":[{"href":"https:\/\/amgpromocionales.mx\/en\/wp-json\/wp\/v2\/media?parent=75474"}],"wp:term":[{"taxonomy":"product_brand","embeddable":true,"href":"https:\/\/amgpromocionales.mx\/en\/wp-json\/wp\/v2\/genre?post=75474"},{"taxonomy":"product_cat","embeddable":true,"href":"https:\/\/amgpromocionales.mx\/en\/wp-json\/wp\/v2\/product_cat?post=75474"},{"taxonomy":"product_tag","embeddable":true,"href":"https:\/\/amgpromocionales.mx\/en\/wp-json\/wp\/v2\/product_tag?post=75474"}],"curies":[{"name":"wp","href":"https:\/\/api.w.org\/{rel}","templated":true}]}}