{"id":75473,"date":"2025-01-19T14:56:42","date_gmt":"2025-01-19T20:56:42","guid":{"rendered":"https:\/\/amgpromocionales.com.mx\/shop\/espumador-recargable\/"},"modified":"2025-01-20T23:48:58","modified_gmt":"2025-01-21T05:48:58","slug":"espumador-recargable","status":"publish","type":"product","link":"https:\/\/amgpromocionales.mx\/en\/shop\/espumador-recargable\/","title":{"rendered":"Espumador Recargable."},"content":{"rendered":"<p>Espumador para leche fabricado en pl\u00e1stico ABS con dos puntas batidoras. Bater\u00eda integrada recargable a trav\u00e9s de cable USB (incluido). Incluye caja de cart\u00f3n individual. Cuenta con una gran potencia y durabilidad notable.<\/p>","protected":false},"excerpt":{"rendered":"<p>Espumador para leche fabricado en pl\u00e1stico ABS con dos puntas batidoras. Bater\u00eda integrada recargable a trav\u00e9s de cable USB (incluido). Incluye caja de cart\u00f3n individual. Cuenta con una gran potencia y durabilidad notable.<\/p>","protected":false},"featured_media":69118,"comment_status":"closed","ping_status":"closed","template":"","meta":[],"genre":[],"product_cat":[296,394],"product_tag":[],"class_list":{"0":"post-75473","1":"product","2":"type-product","3":"status-publish","4":"has-post-thumbnail","6":"product_cat-accesorios-de-cocina","7":"product_cat-ver-todo-hogar","9":"first","10":"instock","11":"shipping-taxable","12":"purchasable","13":"product-type-simple"},"_links":{"self":[{"href":"https:\/\/amgpromocionales.mx\/en\/wp-json\/wp\/v2\/product\/75473","targetHints":{"allow":["GET"]}}],"collection":[{"href":"https:\/\/amgpromocionales.mx\/en\/wp-json\/wp\/v2\/product"}],"about":[{"href":"https:\/\/amgpromocionales.mx\/en\/wp-json\/wp\/v2\/types\/product"}],"replies":[{"embeddable":true,"href":"https:\/\/amgpromocionales.mx\/en\/wp-json\/wp\/v2\/comments?post=75473"}],"wp:featuredmedia":[{"embeddable":true,"href":"https:\/\/amgpromocionales.mx\/en\/wp-json\/wp\/v2\/media\/69118"}],"wp:attachment":[{"href":"https:\/\/amgpromocionales.mx\/en\/wp-json\/wp\/v2\/media?parent=75473"}],"wp:term":[{"taxonomy":"product_brand","embeddable":true,"href":"https:\/\/amgpromocionales.mx\/en\/wp-json\/wp\/v2\/genre?post=75473"},{"taxonomy":"product_cat","embeddable":true,"href":"https:\/\/amgpromocionales.mx\/en\/wp-json\/wp\/v2\/product_cat?post=75473"},{"taxonomy":"product_tag","embeddable":true,"href":"https:\/\/amgpromocionales.mx\/en\/wp-json\/wp\/v2\/product_tag?post=75473"}],"curies":[{"name":"wp","href":"https:\/\/api.w.org\/{rel}","templated":true}]}}